{"id":54485,"date":"2019-09-04T21:33:25","date_gmt":"2019-09-04T18:33:25","guid":{"rendered":"https:\/\/ramrolf.eu\/lv\/product\/import-placeholder-for-50748\/"},"modified":"2019-09-04T21:54:48","modified_gmt":"2019-09-04T18:54:48","slug":"lvkartridzs-samsung-mlt-d106s-ml-2245-2000k","status":"publish","type":"product","link":"https:\/\/ramrolf.lv\/lv\/product\/lvkartridzs-samsung-mlt-d106s-ml-2245-2000k\/","title":{"rendered":"K\u0101rtrid\u017es Samsung MLT-D106S  ML-2245 (2000k)"},"content":{"rendered":"<p>K\u0101rtrid\u017es Samsung MLT-D106S  ML-2245 (2000k)<\/p>\n","protected":false},"excerpt":{"rendered":"<p>K\u0101rtrid\u017es Samsung MLT-D106S ML-2245 (2000k)<\/p>\n","protected":false},"featured_media":0,"template":"","meta":[],"product_cat":[291],"product_tag":[],"_links":{"self":[{"href":"https:\/\/ramrolf.lv\/lv\/wp-json\/wp\/v2\/product\/54485"}],"collection":[{"href":"https:\/\/ramrolf.lv\/lv\/wp-json\/wp\/v2\/product"}],"about":[{"href":"https:\/\/ramrolf.lv\/lv\/wp-json\/wp\/v2\/types\/product"}],"wp:attachment":[{"href":"https:\/\/ramrolf.lv\/lv\/wp-json\/wp\/v2\/media?parent=54485"}],"wp:term":[{"taxonomy":"product_cat","embeddable":true,"href":"https:\/\/ramrolf.lv\/lv\/wp-json\/wp\/v2\/product_cat?post=54485"},{"taxonomy":"product_tag","embeddable":true,"href":"https:\/\/ramrolf.lv\/lv\/wp-json\/wp\/v2\/product_tag?post=54485"}],"curies":[{"name":"wp","href":"https:\/\/api.w.org\/{rel}","templated":true}]}}