{"id":54491,"date":"2019-09-04T21:33:54","date_gmt":"2019-09-04T18:33:54","guid":{"rendered":"https:\/\/ramrolf.eu\/lv\/product\/import-placeholder-for-50752\/"},"modified":"2019-09-04T21:54:45","modified_gmt":"2019-09-04T18:54:45","slug":"lvkartridzs-xerox-106r01337-yellow-phaser-6125-1000k","status":"publish","type":"product","link":"https:\/\/ramrolf.lv\/lv\/product\/lvkartridzs-xerox-106r01337-yellow-phaser-6125-1000k\/","title":{"rendered":"K\u0101rtrid\u017es Xerox 106R01337 Yellow  Phaser 6125 (1000k)"},"content":{"rendered":"<p>K\u0101rtrid\u017es Xerox 106R01337 Yellow  Phaser 6125 (1000k)<\/p>\n","protected":false},"excerpt":{"rendered":"<p>K\u0101rtrid\u017es Xerox 106R01337 Yellow Phaser 6125 (1000k)<\/p>\n","protected":false},"featured_media":0,"template":"","meta":[],"product_cat":[291],"product_tag":[],"_links":{"self":[{"href":"https:\/\/ramrolf.lv\/lv\/wp-json\/wp\/v2\/product\/54491"}],"collection":[{"href":"https:\/\/ramrolf.lv\/lv\/wp-json\/wp\/v2\/product"}],"about":[{"href":"https:\/\/ramrolf.lv\/lv\/wp-json\/wp\/v2\/types\/product"}],"wp:attachment":[{"href":"https:\/\/ramrolf.lv\/lv\/wp-json\/wp\/v2\/media?parent=54491"}],"wp:term":[{"taxonomy":"product_cat","embeddable":true,"href":"https:\/\/ramrolf.lv\/lv\/wp-json\/wp\/v2\/product_cat?post=54491"},{"taxonomy":"product_tag","embeddable":true,"href":"https:\/\/ramrolf.lv\/lv\/wp-json\/wp\/v2\/product_tag?post=54491"}],"curies":[{"name":"wp","href":"https:\/\/api.w.org\/{rel}","templated":true}]}}