{"id":54554,"date":"2019-09-04T21:38:58","date_gmt":"2019-09-04T18:38:58","guid":{"rendered":"https:\/\/ramrolf.eu\/lv\/product\/import-placeholder-for-50791\/"},"modified":"2019-09-04T21:48:50","modified_gmt":"2019-09-04T18:48:50","slug":"lvtoners-kartridzs-nv-tn-214-yellow-bizhub-c20018500","status":"publish","type":"product","link":"https:\/\/ramrolf.lv\/lv\/product\/lvtoners-kartridzs-nv-tn-214-yellow-bizhub-c20018500\/","title":{"rendered":"Toners-K\u0101rtrid\u017es NV-TN-214 Yellow  bizhub: C200(18500)"},"content":{"rendered":"<p>Toners-K\u0101rtrid\u017es NV-TN-214 Yellow  bizhub: C200(18500)<\/p>\n","protected":false},"excerpt":{"rendered":"<p>Toners-K\u0101rtrid\u017es NV-TN-214 Yellow bizhub: C200(18500)<\/p>\n","protected":false},"featured_media":54576,"template":"","meta":[],"product_cat":[291],"product_tag":[],"_links":{"self":[{"href":"https:\/\/ramrolf.lv\/lv\/wp-json\/wp\/v2\/product\/54554"}],"collection":[{"href":"https:\/\/ramrolf.lv\/lv\/wp-json\/wp\/v2\/product"}],"about":[{"href":"https:\/\/ramrolf.lv\/lv\/wp-json\/wp\/v2\/types\/product"}],"wp:featuredmedia":[{"embeddable":true,"href":"https:\/\/ramrolf.lv\/lv\/wp-json\/wp\/v2\/media\/54576"}],"wp:attachment":[{"href":"https:\/\/ramrolf.lv\/lv\/wp-json\/wp\/v2\/media?parent=54554"}],"wp:term":[{"taxonomy":"product_cat","embeddable":true,"href":"https:\/\/ramrolf.lv\/lv\/wp-json\/wp\/v2\/product_cat?post=54554"},{"taxonomy":"product_tag","embeddable":true,"href":"https:\/\/ramrolf.lv\/lv\/wp-json\/wp\/v2\/product_tag?post=54554"}],"curies":[{"name":"wp","href":"https:\/\/api.w.org\/{rel}","templated":true}]}}