{"id":41314,"date":"2018-11-26T20:31:12","date_gmt":"2018-11-26T17:31:12","guid":{"rendered":"http:\/\/www.ramrolf.eu\/ru\/?page_id=41314"},"modified":"2018-11-26T20:34:23","modified_gmt":"2018-11-26T17:34:23","slug":"privatuma-politika","status":"publish","type":"page","link":"https:\/\/ramrolf.lv\/ru\/privatuma-politika\/","title":{"rendered":"Priv\u0101tuma politika"},"content":{"rendered":"<p>S\u012bkdatne ir teksta datne, kas tiek nos\u016bt\u012bta uz j\u016bsu ier\u012bci t\u012bmek\u013ca vietnes apmekl\u0113\u0161an\u0101s laik\u0101. T\u012bmek\u013ca vietne saglab\u0101 j\u016bsu ier\u012bc\u0113 s\u012bkdatnes. Turpm\u0101kaj\u0101s apmekl\u0113juma reiz\u0113s, s\u012bkdatnes tiek nos\u016bt\u012btas uz izcelsmes vietni vai uz citu vietni, kas atpaz\u012bst \u0161o s\u012bkdatni. S\u012bkdatnes darbojas k\u0101 konkr\u0113tas vietnes atmi\u0146a, \u013caujot \u0161ai vietnei atcer\u0113ties j\u016bsu ier\u012bci n\u0101kamaj\u0101s apmekl\u0113juma reiz\u0113s, tai skait\u0101 s\u012bkdatnes var atcer\u0113ties j\u016bsu iest\u0101d\u012bjumus vai uzlabot lietot\u0101ja \u0113rt\u012bbas.<\/p>\n<h2>K\u0101 m\u0113s izmantojam s\u012bkdatnes?<\/h2>\n<p>Ramrolf.eu t\u012bmek\u013ca vietn\u0113 tiek izmantotas s\u012bkdatnes, lai:<\/p>\n<ul>\n<li>atcer\u0113tos vai esat jau piekritis tam, ka \u0161aj\u0101 t\u012bmek\u013ca vietn\u0113 tiek izmantotas s\u012bkdatnes;<\/li>\n<li>analiz\u0113tu apmekl\u0113t\u0101ju darb\u012bbas t\u012bmek\u013ca vietn\u0113 (piesl\u0113guma laiku, ilgumu, skat\u012bt\u0101k\u0101s sada\u013cas);<\/li>\n<li>atpaz\u012btu vai tiek izmantots JavaScript;<\/li>\n<li>izmantotu Google AdWords pakalpojumus.<\/li>\n<\/ul>\n<p>Ar s\u012bkdatn\u0113m saist\u012bt\u0101 inform\u0101cija netiek izmantota, lai j\u016bs jebk\u0101d\u0101 veid\u0101 identific\u0113tu personiski, un dati par j\u016bsu navig\u0101ciju ir m\u016bsu kontrol\u0113. S\u012bkdatnes tiek izmantotas tikai un vien\u012bgi tam m\u0113r\u0137im, kas nor\u0101d\u012bts \u0161aj\u0101 priv\u0101tuma un s\u012bkdat\u0146u politikas raksturojum\u0101.<\/p>\n<h2>Google Analytics<\/h2>\n<p>Ramrolf.eu vietn\u0113 ir uzst\u0101d\u012btas \u201cGoogle\u201d izveidot\u0101s programmas \u201cGoogle Analytics\u201d veidot\u0101s s\u012bkdatnes. \u201cGoogle Analytics\u201d s\u012bkdat\u0146u izmanto\u0161anas m\u0113r\u0137is ir Ramrolf.eu vietnes satura kvalit\u0101tes uzlabo\u0161ana un satura piel\u0101go\u0161ana lietot\u0101ju vajadz\u012bb\u0101m. Pla\u0161\u0101k par \u201cGoogle Analytics\u201d pakalpojuma snieg\u0161anas noteikumiem var iepaz\u012bties m\u0101jaslap\u0101 <a href=\"https:\/\/www.google.com\/analytics\/terms\/us.html\" target=\"_blank\" rel=\"noopener\">https:\/\/www.google.com\/analytics\/terms\/us.html<\/a>(ang\u013cu valod\u0101).<\/p>\n<p>Ja j\u016bs nev\u0113laties, laiRamrolf.eu ieg\u016btu inform\u0101ciju par j\u016bsu aktivit\u0101t\u0113m \u0161aj\u0101 vietn\u0113, jums j\u0101aktiviz\u0113 Google Analytics Opt-out Browser Add-on papildr\u012bks (<a href=\"https:\/\/support.google.com\/analytics\/answer\/181881\" target=\"_blank\" rel=\"noopener\">https:\/\/support.google.com\/analytics\/answer\/181881<\/a>). \u0160is papildr\u012bks sazin\u0101s ar Google Analytics JavaScript (ga.js), lai nor\u0101d\u012btu, ka dati par attiec\u012bgo interneta vietnes apmekl\u0113jumu nav j\u0101s\u016bta uz \u201cGoogle Analytics\u201d.<\/p>\n<h2>K\u0101 izdz\u0113st s\u012bkdatnes?<\/h2>\n<p>Jums ir iesp\u0113ja s\u012bkdatnes izdz\u0113st. Pla\u0161\u0101k lasiet \u0161eit: <a href=\"https:\/\/www.aboutcookies.org\/\" target=\"_blank\" rel=\"noopener\">aboutcookies.org<\/a>. J\u016bs varat izdz\u0113st visas s\u012bkdatnes, kuras ir j\u016bsu ier\u012bc\u0113, un liel\u0101ko da\u013cu p\u0101rl\u016bkprogrammu var iestat\u012bt t\u0101, lai tiktu blo\u0137\u0113ta s\u012bkdat\u0146u ievieto\u0161ana dator\u0101. Ta\u010du t\u0101d\u0101 gad\u012bjum\u0101 Jums manu\u0101li b\u016bs j\u0101piel\u0101go iestat\u012bjumi ikreiz, kad apmekl\u0113siet t\u012bmek\u013ca vietni, un turkl\u0101t past\u0101v iesp\u0113jam\u012bba, ka da\u017ei pakalpojumi un funkcijas nedarbosies.<\/p>\n","protected":false},"excerpt":{"rendered":"<p>S\u012bkdatne ir teksta datne, kas tiek nos\u016bt\u012bta uz j\u016bsu ier\u012bci t\u012bmek\u013ca vietnes apmekl\u0113\u0161an\u0101s laik\u0101. T\u012bmek\u013ca vietne saglab\u0101 j\u016bsu ier\u012bc\u0113 s\u012bkdatnes. Turpm\u0101kaj\u0101s apmekl\u0113juma reiz\u0113s, s\u012bkdatnes tiek nos\u016bt\u012btas uz izcelsmes vietni vai uz citu vietni, kas atpaz\u012bst \u0161o s\u012bkdatni. S\u012bkdatnes darbojas k\u0101 konkr\u0113tas vietnes atmi\u0146a, \u013caujot \u0161ai vietnei atcer\u0113ties j\u016bsu ier\u012bci n\u0101kamaj\u0101s apmekl\u0113juma reiz\u0113s, tai skait\u0101 s\u012bkdatnes&hellip;<\/p>\n","protected":false},"author":1,"featured_media":0,"parent":0,"menu_order":0,"comment_status":"closed","ping_status":"closed","template":"","meta":[],"_links":{"self":[{"href":"https:\/\/ramrolf.lv\/ru\/wp-json\/wp\/v2\/pages\/41314"}],"collection":[{"href":"https:\/\/ramrolf.lv\/ru\/wp-json\/wp\/v2\/pages"}],"about":[{"href":"https:\/\/ramrolf.lv\/ru\/wp-json\/wp\/v2\/types\/page"}],"author":[{"embeddable":true,"href":"https:\/\/ramrolf.lv\/ru\/wp-json\/wp\/v2\/users\/1"}],"replies":[{"embeddable":true,"href":"https:\/\/ramrolf.lv\/ru\/wp-json\/wp\/v2\/comments?post=41314"}],"version-history":[{"count":0,"href":"https:\/\/ramrolf.lv\/ru\/wp-json\/wp\/v2\/pages\/41314\/revisions"}],"wp:attachment":[{"href":"https:\/\/ramrolf.lv\/ru\/wp-json\/wp\/v2\/media?parent=41314"}],"curies":[{"name":"wp","href":"https:\/\/api.w.org\/{rel}","templated":true}]}}