{"id":48816,"date":"2019-06-13T21:08:06","date_gmt":"2019-06-13T18:08:06","guid":{"rendered":"https:\/\/ramrolf.eu\/?page_id=48816"},"modified":"2019-06-13T21:08:06","modified_gmt":"2019-06-13T18:08:06","slug":"kartridzu-uzpilde","status":"publish","type":"page","link":"https:\/\/ramrolf.lv\/ru\/kartridzu-uzpilde\/","title":{"rendered":"K\u0101rtrid\u017eu uzpilde"},"content":{"rendered":"<h3 style=\"text-align: center;\">Izmantojiet iesp\u0113ju uzpild\u012bt savu k\u0101rtrid\u017eu ar augst\u0101kas klases toneri no NV Print.<\/h3>\n<p>K\u0101rtrid\u017eu uzpildi var pietiekt sazinoties ar mums pa t\u0101lr. <strong>+371 65511555<\/strong>, rakstot e-pastu uz <strong>info@ramrolf.lv<\/strong> vai piesakot uzpildi pie sava mened\u017eera.<\/p>\n<p style=\"text-align: center;\"><strong>K\u0101rtrid\u017ea pa\u0146em\u0161ana un nog\u0101d\u0101\u0161ana klientam ir bezmaksas.<\/strong><\/p>\n<ul>\n<li><strong>Uzpilde<\/strong>: Kasetes diagnostika, izt\u012br\u012b\u0161ana ar joniz\u0113tu gaisu, doz\u0113t\u0101jna\u017ea mai\u0146a, uzkl\u0101j\u0113jna\u017ea mai\u0146a , atsevi\u0161\u0137os gad\u012bjumos ar\u012b gumijas ru\u013c\u013ca mai\u0146a, kasetes uzpild\u012b\u0161ana un atk\u0101rtota kasetes diagnostika.<\/li>\n<li><strong>Atjauno\u0161ana<\/strong>: Kasetes diagnostika, izt\u012br\u012b\u0161ana ar joniz\u0113tu gaisu, OPC mai\u0146a, Gumijas ru\u013c\u013ca mai\u0146a, doz\u0113t\u0101jna\u017ea mai\u0146a, uzkl\u0101j\u0113jna\u017ea mai\u0146a, kasetes uzpild\u012b\u0161ana un atk\u0101rtota diagnostika.<\/li>\n<\/ul>\n","protected":false},"excerpt":{"rendered":"<p>Izmantojiet iesp\u0113ju uzpild\u012bt savu k\u0101rtrid\u017eu ar augst\u0101kas klases toneri no NV Print. K\u0101rtrid\u017eu uzpildi var pietiekt sazinoties ar mums pa t\u0101lr. +371 65511555, rakstot e-pastu uz info@ramrolf.lv vai piesakot uzpildi pie sava mened\u017eera. K\u0101rtrid\u017ea pa\u0146em\u0161ana un nog\u0101d\u0101\u0161ana klientam ir bezmaksas. Uzpilde: Kasetes diagnostika, izt\u012br\u012b\u0161ana ar joniz\u0113tu gaisu, doz\u0113t\u0101jna\u017ea mai\u0146a, uzkl\u0101j\u0113jna\u017ea mai\u0146a , atsevi\u0161\u0137os gad\u012bjumos ar\u012b&hellip;<\/p>\n","protected":false},"author":1,"featured_media":0,"parent":0,"menu_order":0,"comment_status":"closed","ping_status":"closed","template":"","meta":[],"_links":{"self":[{"href":"https:\/\/ramrolf.lv\/ru\/wp-json\/wp\/v2\/pages\/48816"}],"collection":[{"href":"https:\/\/ramrolf.lv\/ru\/wp-json\/wp\/v2\/pages"}],"about":[{"href":"https:\/\/ramrolf.lv\/ru\/wp-json\/wp\/v2\/types\/page"}],"author":[{"embeddable":true,"href":"https:\/\/ramrolf.lv\/ru\/wp-json\/wp\/v2\/users\/1"}],"replies":[{"embeddable":true,"href":"https:\/\/ramrolf.lv\/ru\/wp-json\/wp\/v2\/comments?post=48816"}],"version-history":[{"count":0,"href":"https:\/\/ramrolf.lv\/ru\/wp-json\/wp\/v2\/pages\/48816\/revisions"}],"wp:attachment":[{"href":"https:\/\/ramrolf.lv\/ru\/wp-json\/wp\/v2\/media?parent=48816"}],"curies":[{"name":"wp","href":"https:\/\/api.w.org\/{rel}","templated":true}]}}