{"id":39758,"date":"2018-10-26T00:30:50","date_gmt":"2018-10-25T21:30:50","guid":{"rendered":"http:\/\/www.ramrolf.eu\/ru\/product\/rumelna-tonera-kasete-nv-ce505xxlvmelna-tonera-kasete-nv-ce321a\/"},"modified":"2019-09-25T17:44:43","modified_gmt":"2019-09-25T14:44:43","slug":"rumelna-tonera-kasete-nv-ce505xxlvmelna-tonera-kasete-nv-ce321a","status":"publish","type":"product","link":"https:\/\/ramrolf.lv\/ru\/product\/rumelna-tonera-kasete-nv-ce505xxlvmelna-tonera-kasete-nv-ce321a\/","title":{"rendered":"Meln\u0101 tonera kasete NV-CE505XX"},"content":{"rendered":"<p>K\u0101rtrid\u017es NV-CE321A Cyan Color LaserJet CM1415fn\/ CM1415fnw\/ CP1525n\/ CP1525nw(1300)<\/p>\n","protected":false},"excerpt":{"rendered":"<p>K\u0101rtrid\u017es NV-CE321A Cyan Color LaserJet CM1415fn\/ CM1415fnw\/ CP1525n\/ CP1525nw(1300)<\/p>\n","protected":false},"featured_media":53561,"template":"","meta":[],"product_cat":[1069,291,289],"product_tag":[],"_links":{"self":[{"href":"https:\/\/ramrolf.lv\/ru\/wp-json\/wp\/v2\/product\/39758"}],"collection":[{"href":"https:\/\/ramrolf.lv\/ru\/wp-json\/wp\/v2\/product"}],"about":[{"href":"https:\/\/ramrolf.lv\/ru\/wp-json\/wp\/v2\/types\/product"}],"wp:featuredmedia":[{"embeddable":true,"href":"https:\/\/ramrolf.lv\/ru\/wp-json\/wp\/v2\/media\/53561"}],"wp:attachment":[{"href":"https:\/\/ramrolf.lv\/ru\/wp-json\/wp\/v2\/media?parent=39758"}],"wp:term":[{"taxonomy":"product_cat","embeddable":true,"href":"https:\/\/ramrolf.lv\/ru\/wp-json\/wp\/v2\/product_cat?post=39758"},{"taxonomy":"product_tag","embeddable":true,"href":"https:\/\/ramrolf.lv\/ru\/wp-json\/wp\/v2\/product_tag?post=39758"}],"curies":[{"name":"wp","href":"https:\/\/api.w.org\/{rel}","templated":true}]}}