{"id":39810,"date":"2018-10-26T17:06:25","date_gmt":"2018-10-26T14:06:25","guid":{"rendered":"http:\/\/www.ramrolf.eu\/product\/lvpapirs-sky-copy-a4-80g-m2-500lp\/"},"modified":"2021-08-25T16:31:25","modified_gmt":"2021-08-25T13:31:25","slug":"lvpapirs-sky-copy-a4-80g-m2-500lp","status":"publish","type":"product","link":"https:\/\/ramrolf.lv\/ru\/product\/lvpapirs-sky-copy-a4-80g-m2-500lp\/","title":{"rendered":"Pap\u012brs SKY COPY A4 80g\/m2 500lp."},"content":{"rendered":"<p>\u2022 Kvalitat\u012bvs balts, daudzfunkcion\u0101ls ar augstu iztur\u012bguma pak\u0101pi, biroja pap\u012brs.<br \/>\n\u2022 Piem\u0113rots abpus\u0113jai drukai, paredz\u0113ts darbam \u0101tras darb\u012bbas kop\u0113t\u0101jos, l\u0101zerprinteros, tintes printeros, faksa apar\u0101tos.<br \/>\n\u2022 Form\u0101ts A4<br \/>\n\u2022 Bl\u012bvums 80 g\/m2<br \/>\n\u2022 Biezums 106 mcr<br \/>\n\u2022 Baltums 150 CIE<br \/>\n\u2022 Necaursp\u012bd\u012bba 91 %<br \/>\n\u2022 Gludums 220 ml<br \/>\n\u2022 Arh\u012bvnotur\u012bgs<br \/>\n\u2022 Ra\u017eo\u0161anas procesa ekomar\u0137\u0113jums: ECF<br \/>\n\u2022 Me\u017ea apsaimnieko\u0161anas un pieg\u0101des \u0137\u0113des sertifik\u0101ti: FSC, PEFC<br \/>\n\u2022 Ekomar\u0137\u0113jums: Zieme\u013cu gulbis, ECO-LABEL<br \/>\n\u2022 1 pak\u0101 500 loksnes<\/p>\n","protected":false},"excerpt":{"rendered":"<p>\u2022 Kvalitat\u012bvs balts, daudzfunkcion\u0101ls ar augstu iztur\u012bguma pak\u0101pi, biroja pap\u012brs. \u2022 Piem\u0113rots abpus\u0113jai drukai, paredz\u0113ts darbam \u0101tras darb\u012bbas kop\u0113t\u0101jos, l\u0101zerprinteros, tintes printeros, faksa apar\u0101tos. \u2022 Form\u0101ts A4 \u2022 Bl\u012bvums 80 g\/m2 \u2022 Biezums 106 mcr \u2022 Baltums 150 CIE \u2022 Necaursp\u012bd\u012bba 91 % \u2022 Gludums 220 ml \u2022 Arh\u012bvnotur\u012bgs \u2022 Ra\u017eo\u0161anas procesa ekomar\u0137\u0113jums: ECF \u2022&hellip;<\/p>\n","protected":false},"featured_media":39829,"template":"","meta":[],"product_cat":[350,327],"product_tag":[],"_links":{"self":[{"href":"https:\/\/ramrolf.lv\/ru\/wp-json\/wp\/v2\/product\/39810"}],"collection":[{"href":"https:\/\/ramrolf.lv\/ru\/wp-json\/wp\/v2\/product"}],"about":[{"href":"https:\/\/ramrolf.lv\/ru\/wp-json\/wp\/v2\/types\/product"}],"wp:featuredmedia":[{"embeddable":true,"href":"https:\/\/ramrolf.lv\/ru\/wp-json\/wp\/v2\/media\/39829"}],"wp:attachment":[{"href":"https:\/\/ramrolf.lv\/ru\/wp-json\/wp\/v2\/media?parent=39810"}],"wp:term":[{"taxonomy":"product_cat","embeddable":true,"href":"https:\/\/ramrolf.lv\/ru\/wp-json\/wp\/v2\/product_cat?post=39810"},{"taxonomy":"product_tag","embeddable":true,"href":"https:\/\/ramrolf.lv\/ru\/wp-json\/wp\/v2\/product_tag?post=39810"}],"curies":[{"name":"wp","href":"https:\/\/api.w.org\/{rel}","templated":true}]}}