{"id":39812,"date":"2018-10-26T17:06:28","date_gmt":"2018-10-26T14:06:28","guid":{"rendered":"http:\/\/www.ramrolf.eu\/product\/papirs-double-a-premium-a4-80g-500lp-hq\/"},"modified":"2021-08-25T16:31:25","modified_gmt":"2021-08-25T13:31:25","slug":"papirs-double-a-premium-a4-80g-500lp-hq","status":"publish","type":"product","link":"https:\/\/ramrolf.lv\/ru\/product\/papirs-double-a-premium-a4-80g-500lp-hq\/","title":{"rendered":"Pap\u012brs DOUBLE A Premium A4 80g 500lp.HQ"},"content":{"rendered":"<p>\u2022 A klases biroja pap\u012brs. Augsta baltuma pak\u0101pe, lieliska necaursp\u012bd\u012bba. Lieliska drukas kvalit\u0101te uz lapas ab\u0101m pus\u0113m.<\/p>\n<p>\u2022 Videi nekait\u012bgs pap\u012brs. Piem\u0113rots jebkuram darbam modern\u0101 biroj\u0101. Lieliska piem\u0113rot\u012bba jebkurai biroja tehnikai.<\/p>\n<p>\u2022 Ide\u0101la drukas kvalit\u0101te gan l\u0101zer, gan tintes printeros.<\/p>\n<p>\u2022 Ra\u017eots Francij\u0101<\/p>\n","protected":false},"excerpt":{"rendered":"<p>\u2022 A klases biroja pap\u012brs. Augsta baltuma pak\u0101pe, lieliska necaursp\u012bd\u012bba. Lieliska drukas kvalit\u0101te uz lapas ab\u0101m pus\u0113m. \u2022 Videi nekait\u012bgs pap\u012brs. Piem\u0113rots jebkuram darbam modern\u0101 biroj\u0101. Lieliska piem\u0113rot\u012bba jebkurai biroja tehnikai. \u2022 Ide\u0101la drukas kvalit\u0101te gan l\u0101zer, gan tintes printeros. \u2022 Ra\u017eots Francij\u0101<\/p>\n","protected":false},"featured_media":39823,"template":"","meta":[],"product_cat":[350,327],"product_tag":[],"_links":{"self":[{"href":"https:\/\/ramrolf.lv\/ru\/wp-json\/wp\/v2\/product\/39812"}],"collection":[{"href":"https:\/\/ramrolf.lv\/ru\/wp-json\/wp\/v2\/product"}],"about":[{"href":"https:\/\/ramrolf.lv\/ru\/wp-json\/wp\/v2\/types\/product"}],"wp:featuredmedia":[{"embeddable":true,"href":"https:\/\/ramrolf.lv\/ru\/wp-json\/wp\/v2\/media\/39823"}],"wp:attachment":[{"href":"https:\/\/ramrolf.lv\/ru\/wp-json\/wp\/v2\/media?parent=39812"}],"wp:term":[{"taxonomy":"product_cat","embeddable":true,"href":"https:\/\/ramrolf.lv\/ru\/wp-json\/wp\/v2\/product_cat?post=39812"},{"taxonomy":"product_tag","embeddable":true,"href":"https:\/\/ramrolf.lv\/ru\/wp-json\/wp\/v2\/product_tag?post=39812"}],"curies":[{"name":"wp","href":"https:\/\/api.w.org\/{rel}","templated":true}]}}