{"id":39813,"date":"2018-10-26T17:06:32","date_gmt":"2018-10-26T14:06:32","guid":{"rendered":"http:\/\/www.ramrolf.eu\/product\/papirs-multicopy-a4-80g-m2-500lap\/"},"modified":"2021-08-25T16:31:25","modified_gmt":"2021-08-25T13:31:25","slug":"papirs-multicopy-a4-80g-m2-500lap","status":"publish","type":"product","link":"https:\/\/ramrolf.lv\/ru\/product\/papirs-multicopy-a4-80g-m2-500lap\/","title":{"rendered":"Pap\u012brs MULTICOPY A4 80g\/m2 500lap."},"content":{"rendered":"<p>\u2022 Pap\u012brs ir ieteicams visu veidu l\u0101zerprinteriem un tintes printeriem, kop\u0113t\u0101jiem un faksa apar\u0101tiem. To var izmantot visu veidu dokumentiem, zi\u0146ojumiem, bro\u0161\u016br\u0101m, iek\u0161\u0113jai un \u0101r\u0113jai dokumentu apmai\u0146ai. Piem\u0113rots pirmsdrukas darbiem.<br \/>\n\u2022 A klases biroja pap\u012brs<br \/>\n\u2022 Augst\u0101k\u0101s kvalit\u0101tes balts, daudzfunkcion\u0101ls ar augstu iztur\u012bguma pak\u0101pi<br \/>\n\u2022 Augsta baltuma pak\u0101pe, lieliska necaursp\u012bd\u012bba<br \/>\n\u2022 Piem\u0113rots abpus\u0113jai drukai, paredz\u0113ts darbam \u0101tras darb\u012bbas kop\u0113t\u0101jos, l\u0101zerprinteros, tintes printeros, faksa apar\u0101tos<br \/>\n\u2022 Form\u0101ts A4<br \/>\n\u2022 Bl\u012bvums 80 g\/m2<br \/>\n\u2022 Biezums 105 mcr<br \/>\n\u2022 Baltums 168 CIE<br \/>\n\u2022 Necaursp\u012bd\u012bba 92 %<br \/>\n\u2022 Gludums 160 ml<br \/>\n\u2022 Arh\u012bvnotur\u012bgs<br \/>\n\u2022 Ra\u017eo\u0161anas procesa ekomar\u0137\u0113jums: ECF<br \/>\n\u2022 Me\u017ea apsaimnieko\u0161anas un pieg\u0101des \u0137\u0113des sertifik\u0101ti: FSC<br \/>\n\u2022 Ekomar\u0137\u0113jums: ECO-LABEL<br \/>\n\u2022 Atbilst arh\u012bvu pap\u012bra iztur\u012bbas pras\u012bb\u0101m &#8212; ISO 9706<br \/>\n\u2022 1 pak\u0101 500 loksnes<br \/>\n\u2022 Kaste: 5 paci\u0146as<\/p>\n","protected":false},"excerpt":{"rendered":"<p>\u2022 Pap\u012brs ir ieteicams visu veidu l\u0101zerprinteriem un tintes printeriem, kop\u0113t\u0101jiem un faksa apar\u0101tiem. To var izmantot visu veidu dokumentiem, zi\u0146ojumiem, bro\u0161\u016br\u0101m, iek\u0161\u0113jai un \u0101r\u0113jai dokumentu apmai\u0146ai. Piem\u0113rots pirmsdrukas darbiem. \u2022 A klases biroja pap\u012brs \u2022 Augst\u0101k\u0101s kvalit\u0101tes balts, daudzfunkcion\u0101ls ar augstu iztur\u012bguma pak\u0101pi \u2022 Augsta baltuma pak\u0101pe, lieliska necaursp\u012bd\u012bba \u2022 Piem\u0113rots abpus\u0113jai drukai, paredz\u0113ts&hellip;<\/p>\n","protected":false},"featured_media":39814,"template":"","meta":[],"product_cat":[350,327],"product_tag":[],"_links":{"self":[{"href":"https:\/\/ramrolf.lv\/ru\/wp-json\/wp\/v2\/product\/39813"}],"collection":[{"href":"https:\/\/ramrolf.lv\/ru\/wp-json\/wp\/v2\/product"}],"about":[{"href":"https:\/\/ramrolf.lv\/ru\/wp-json\/wp\/v2\/types\/product"}],"wp:featuredmedia":[{"embeddable":true,"href":"https:\/\/ramrolf.lv\/ru\/wp-json\/wp\/v2\/media\/39814"}],"wp:attachment":[{"href":"https:\/\/ramrolf.lv\/ru\/wp-json\/wp\/v2\/media?parent=39813"}],"wp:term":[{"taxonomy":"product_cat","embeddable":true,"href":"https:\/\/ramrolf.lv\/ru\/wp-json\/wp\/v2\/product_cat?post=39813"},{"taxonomy":"product_tag","embeddable":true,"href":"https:\/\/ramrolf.lv\/ru\/wp-json\/wp\/v2\/product_tag?post=39813"}],"curies":[{"name":"wp","href":"https:\/\/api.w.org\/{rel}","templated":true}]}}