{"id":39815,"date":"2018-10-26T17:06:33","date_gmt":"2018-10-26T14:06:33","guid":{"rendered":"http:\/\/www.ramrolf.eu\/product\/lvpapirs-navigator-a4-80g-m2-500lp\/"},"modified":"2021-08-25T16:31:25","modified_gmt":"2021-08-25T13:31:25","slug":"lvpapirs-navigator-a4-80g-m2-500lp","status":"publish","type":"product","link":"https:\/\/ramrolf.lv\/ru\/product\/lvpapirs-navigator-a4-80g-m2-500lp\/","title":{"rendered":"Pap\u012brs NAVIGATOR A4 80g\/m2 500lp."},"content":{"rendered":"<p>\u2022 A klases biroja pap\u012brs. Augsta baltuma pak\u0101pe, lieliska necaursp\u012bd\u012bba. Lieliska drukas kvalit\u0101te uz lapas ab\u0101m pus\u0113m. Videi nekait\u012bgs pap\u012brs. Piem\u0113rots jebkuram darbam modern\u0101 biroj\u0101. Lieliska piem\u0113rot\u012bba jebkurai biroja tehnikai. Ide\u0101la drukas kvalit\u0101te gan l\u0101zer-,gan tintes printeros.<\/p>\n<p>\u2022 Kaste: 5 paci\u0146as<\/p>\n","protected":false},"excerpt":{"rendered":"<p>\u2022 A klases biroja pap\u012brs. Augsta baltuma pak\u0101pe, lieliska necaursp\u012bd\u012bba. Lieliska drukas kvalit\u0101te uz lapas ab\u0101m pus\u0113m. Videi nekait\u012bgs pap\u012brs. Piem\u0113rots jebkuram darbam modern\u0101 biroj\u0101. Lieliska piem\u0113rot\u012bba jebkurai biroja tehnikai. Ide\u0101la drukas kvalit\u0101te gan l\u0101zer-,gan tintes printeros. \u2022 Kaste: 5 paci\u0146as<\/p>\n","protected":false},"featured_media":39825,"template":"","meta":[],"product_cat":[350,327],"product_tag":[],"_links":{"self":[{"href":"https:\/\/ramrolf.lv\/ru\/wp-json\/wp\/v2\/product\/39815"}],"collection":[{"href":"https:\/\/ramrolf.lv\/ru\/wp-json\/wp\/v2\/product"}],"about":[{"href":"https:\/\/ramrolf.lv\/ru\/wp-json\/wp\/v2\/types\/product"}],"wp:featuredmedia":[{"embeddable":true,"href":"https:\/\/ramrolf.lv\/ru\/wp-json\/wp\/v2\/media\/39825"}],"wp:attachment":[{"href":"https:\/\/ramrolf.lv\/ru\/wp-json\/wp\/v2\/media?parent=39815"}],"wp:term":[{"taxonomy":"product_cat","embeddable":true,"href":"https:\/\/ramrolf.lv\/ru\/wp-json\/wp\/v2\/product_cat?post=39815"},{"taxonomy":"product_tag","embeddable":true,"href":"https:\/\/ramrolf.lv\/ru\/wp-json\/wp\/v2\/product_tag?post=39815"}],"curies":[{"name":"wp","href":"https:\/\/api.w.org\/{rel}","templated":true}]}}