{"id":39922,"date":"2018-10-31T19:29:28","date_gmt":"2018-10-31T16:29:28","guid":{"rendered":"http:\/\/www.ramrolf.eu\/product\/rulimlente-48mm-%d1%85-50m-caurspidigalvgela-pildspalvas-office-class-3\/"},"modified":"2021-08-25T16:31:24","modified_gmt":"2021-08-25T13:31:24","slug":"gela-pildspalva-plasma-zila-0-7mm","status":"publish","type":"product","link":"https:\/\/ramrolf.lv\/ru\/product\/gela-pildspalva-plasma-zila-0-7mm\/","title":{"rendered":"L\u012bmlente 48mm \u0445 50m caursp\u012bd\u012bga"},"content":{"rendered":"<p>G\u0113la pildspalva PLASMA zila 0.7mm<\/p>\n","protected":false},"excerpt":{"rendered":"<p>G\u0113la pildspalva PLASMA zila 0.7mm<\/p>\n","protected":false},"featured_media":39881,"template":"","meta":[],"product_cat":[337,345],"product_tag":[],"_links":{"self":[{"href":"https:\/\/ramrolf.lv\/ru\/wp-json\/wp\/v2\/product\/39922"}],"collection":[{"href":"https:\/\/ramrolf.lv\/ru\/wp-json\/wp\/v2\/product"}],"about":[{"href":"https:\/\/ramrolf.lv\/ru\/wp-json\/wp\/v2\/types\/product"}],"wp:featuredmedia":[{"embeddable":true,"href":"https:\/\/ramrolf.lv\/ru\/wp-json\/wp\/v2\/media\/39881"}],"wp:attachment":[{"href":"https:\/\/ramrolf.lv\/ru\/wp-json\/wp\/v2\/media?parent=39922"}],"wp:term":[{"taxonomy":"product_cat","embeddable":true,"href":"https:\/\/ramrolf.lv\/ru\/wp-json\/wp\/v2\/product_cat?post=39922"},{"taxonomy":"product_tag","embeddable":true,"href":"https:\/\/ramrolf.lv\/ru\/wp-json\/wp\/v2\/product_tag?post=39922"}],"curies":[{"name":"wp","href":"https:\/\/api.w.org\/{rel}","templated":true}]}}