{"id":39938,"date":"2018-10-31T19:29:32","date_gmt":"2018-10-31T16:29:32","guid":{"rendered":"http:\/\/www.ramrolf.eu\/product\/lvlime-zimulis-2\/"},"modified":"2021-08-25T16:31:24","modified_gmt":"2021-08-25T13:31:24","slug":"lvlime-zimulis-2","status":"publish","type":"product","link":"https:\/\/ramrolf.lv\/ru\/product\/lvlime-zimulis-2\/","title":{"rendered":"L\u012bme-z\u012bmulis"},"content":{"rendered":"<p>L\u012bme-z\u012bmulis LITE 21gr.<\/p>\n","protected":false},"excerpt":{"rendered":"<p>L\u012bme-z\u012bmulis LITE 21gr.<\/p>\n","protected":false},"featured_media":39939,"template":"","meta":[],"product_cat":[500,337],"product_tag":[],"_links":{"self":[{"href":"https:\/\/ramrolf.lv\/ru\/wp-json\/wp\/v2\/product\/39938"}],"collection":[{"href":"https:\/\/ramrolf.lv\/ru\/wp-json\/wp\/v2\/product"}],"about":[{"href":"https:\/\/ramrolf.lv\/ru\/wp-json\/wp\/v2\/types\/product"}],"wp:featuredmedia":[{"embeddable":true,"href":"https:\/\/ramrolf.lv\/ru\/wp-json\/wp\/v2\/media\/39939"}],"wp:attachment":[{"href":"https:\/\/ramrolf.lv\/ru\/wp-json\/wp\/v2\/media?parent=39938"}],"wp:term":[{"taxonomy":"product_cat","embeddable":true,"href":"https:\/\/ramrolf.lv\/ru\/wp-json\/wp\/v2\/product_cat?post=39938"},{"taxonomy":"product_tag","embeddable":true,"href":"https:\/\/ramrolf.lv\/ru\/wp-json\/wp\/v2\/product_tag?post=39938"}],"curies":[{"name":"wp","href":"https:\/\/api.w.org\/{rel}","templated":true}]}}