{"id":39940,"date":"2018-10-31T19:29:33","date_gmt":"2018-10-31T16:29:33","guid":{"rendered":"http:\/\/www.ramrolf.eu\/product\/lvlimlapinas\/"},"modified":"2021-08-25T16:31:24","modified_gmt":"2021-08-25T13:31:24","slug":"lvlimlapinas","status":"publish","type":"product","link":"https:\/\/ramrolf.lv\/ru\/product\/lvlimlapinas\/","title":{"rendered":"L\u012bmlapi\u0146as"},"content":{"rendered":"<p>L\u012bmlapi\u0146as 76*76mm 100lpp. neon assorti<\/p>\n","protected":false},"excerpt":{"rendered":"<p>L\u012bmlapi\u0146as 76*76mm 100lpp. neon assorti<\/p>\n","protected":false},"featured_media":39941,"template":"","meta":[],"product_cat":[337],"product_tag":[],"_links":{"self":[{"href":"https:\/\/ramrolf.lv\/ru\/wp-json\/wp\/v2\/product\/39940"}],"collection":[{"href":"https:\/\/ramrolf.lv\/ru\/wp-json\/wp\/v2\/product"}],"about":[{"href":"https:\/\/ramrolf.lv\/ru\/wp-json\/wp\/v2\/types\/product"}],"wp:featuredmedia":[{"embeddable":true,"href":"https:\/\/ramrolf.lv\/ru\/wp-json\/wp\/v2\/media\/39941"}],"wp:attachment":[{"href":"https:\/\/ramrolf.lv\/ru\/wp-json\/wp\/v2\/media?parent=39940"}],"wp:term":[{"taxonomy":"product_cat","embeddable":true,"href":"https:\/\/ramrolf.lv\/ru\/wp-json\/wp\/v2\/product_cat?post=39940"},{"taxonomy":"product_tag","embeddable":true,"href":"https:\/\/ramrolf.lv\/ru\/wp-json\/wp\/v2\/product_tag?post=39940"}],"curies":[{"name":"wp","href":"https:\/\/api.w.org\/{rel}","templated":true}]}}