{"id":39944,"date":"2018-10-31T19:29:34","date_gmt":"2018-10-31T16:29:34","guid":{"rendered":"http:\/\/www.ramrolf.eu\/product\/lvlimlentes\/"},"modified":"2021-08-25T16:31:24","modified_gmt":"2021-08-25T13:31:24","slug":"lvlimlentes","status":"publish","type":"product","link":"https:\/\/ramrolf.lv\/ru\/product\/lvlimlentes\/","title":{"rendered":"L\u012bmlentes"},"content":{"rendered":"<p>L\u012bmlente 12mm x 10m caursp\u012bd\u012bga<\/p>\n","protected":false},"excerpt":{"rendered":"<p>L\u012bmlente 12mm x 10m caursp\u012bd\u012bga<\/p>\n","protected":false},"featured_media":46358,"template":"","meta":[],"product_cat":[337],"product_tag":[],"_links":{"self":[{"href":"https:\/\/ramrolf.lv\/ru\/wp-json\/wp\/v2\/product\/39944"}],"collection":[{"href":"https:\/\/ramrolf.lv\/ru\/wp-json\/wp\/v2\/product"}],"about":[{"href":"https:\/\/ramrolf.lv\/ru\/wp-json\/wp\/v2\/types\/product"}],"wp:featuredmedia":[{"embeddable":true,"href":"https:\/\/ramrolf.lv\/ru\/wp-json\/wp\/v2\/media\/46358"}],"wp:attachment":[{"href":"https:\/\/ramrolf.lv\/ru\/wp-json\/wp\/v2\/media?parent=39944"}],"wp:term":[{"taxonomy":"product_cat","embeddable":true,"href":"https:\/\/ramrolf.lv\/ru\/wp-json\/wp\/v2\/product_cat?post=39944"},{"taxonomy":"product_tag","embeddable":true,"href":"https:\/\/ramrolf.lv\/ru\/wp-json\/wp\/v2\/product_tag?post=39944"}],"curies":[{"name":"wp","href":"https:\/\/api.w.org\/{rel}","templated":true}]}}