{"id":39949,"date":"2018-10-31T19:29:39","date_gmt":"2018-10-31T16:29:39","guid":{"rendered":"http:\/\/www.ramrolf.eu\/product\/lvlineals-30cm-koka\/"},"modified":"2021-08-25T16:31:23","modified_gmt":"2021-08-25T13:31:23","slug":"lvlineals-30cm-koka","status":"publish","type":"product","link":"https:\/\/ramrolf.lv\/ru\/product\/lvlineals-30cm-koka\/","title":{"rendered":"Line\u0101ls 30cm koka"},"content":{"rendered":"<p>Line\u0101ls 30cm koka<\/p>\n","protected":false},"excerpt":{"rendered":"<p>Line\u0101ls 20cm caursp\u012bd\u012bgs<\/p>\n","protected":false},"featured_media":39950,"template":"","meta":[],"product_cat":[337],"product_tag":[],"_links":{"self":[{"href":"https:\/\/ramrolf.lv\/ru\/wp-json\/wp\/v2\/product\/39949"}],"collection":[{"href":"https:\/\/ramrolf.lv\/ru\/wp-json\/wp\/v2\/product"}],"about":[{"href":"https:\/\/ramrolf.lv\/ru\/wp-json\/wp\/v2\/types\/product"}],"wp:featuredmedia":[{"embeddable":true,"href":"https:\/\/ramrolf.lv\/ru\/wp-json\/wp\/v2\/media\/39950"}],"wp:attachment":[{"href":"https:\/\/ramrolf.lv\/ru\/wp-json\/wp\/v2\/media?parent=39949"}],"wp:term":[{"taxonomy":"product_cat","embeddable":true,"href":"https:\/\/ramrolf.lv\/ru\/wp-json\/wp\/v2\/product_cat?post=39949"},{"taxonomy":"product_tag","embeddable":true,"href":"https:\/\/ramrolf.lv\/ru\/wp-json\/wp\/v2\/product_tag?post=39949"}],"curies":[{"name":"wp","href":"https:\/\/api.w.org\/{rel}","templated":true}]}}