{"id":39951,"date":"2018-10-31T19:29:39","date_gmt":"2018-10-31T16:29:39","guid":{"rendered":"http:\/\/www.ramrolf.eu\/product\/lvlodisu-pildspalvas-economic-clacc\/"},"modified":"2021-08-25T16:31:23","modified_gmt":"2021-08-25T13:31:23","slug":"lodisu-pildspalva-orange-zila-0-7mm","status":"publish","type":"product","link":"https:\/\/ramrolf.lv\/ru\/product\/lodisu-pildspalva-orange-zila-0-7mm\/","title":{"rendered":"Lod\u012b\u0161u pildspalva ORANGE zila 0.7mm"},"content":{"rendered":"<p>Lod\u012b\u0161u pildspalva ORANGE zila 0.7mm<\/p>\n","protected":false},"excerpt":{"rendered":"<p>Lod\u012b\u0161u pildspalva ORANGE zila 0.7mm<\/p>\n","protected":false},"featured_media":39952,"template":"","meta":[],"product_cat":[337,345],"product_tag":[],"_links":{"self":[{"href":"https:\/\/ramrolf.lv\/ru\/wp-json\/wp\/v2\/product\/39951"}],"collection":[{"href":"https:\/\/ramrolf.lv\/ru\/wp-json\/wp\/v2\/product"}],"about":[{"href":"https:\/\/ramrolf.lv\/ru\/wp-json\/wp\/v2\/types\/product"}],"wp:featuredmedia":[{"embeddable":true,"href":"https:\/\/ramrolf.lv\/ru\/wp-json\/wp\/v2\/media\/39952"}],"wp:attachment":[{"href":"https:\/\/ramrolf.lv\/ru\/wp-json\/wp\/v2\/media?parent=39951"}],"wp:term":[{"taxonomy":"product_cat","embeddable":true,"href":"https:\/\/ramrolf.lv\/ru\/wp-json\/wp\/v2\/product_cat?post=39951"},{"taxonomy":"product_tag","embeddable":true,"href":"https:\/\/ramrolf.lv\/ru\/wp-json\/wp\/v2\/product_tag?post=39951"}],"curies":[{"name":"wp","href":"https:\/\/api.w.org\/{rel}","templated":true}]}}