{"id":40016,"date":"2018-11-19T23:35:06","date_gmt":"2018-11-19T20:35:06","guid":{"rendered":"http:\/\/www.ramrolf.eu\/product\/lvmelna-teja-herba-20x1-5gr-vacija\/"},"modified":"2018-11-20T15:38:56","modified_gmt":"2018-11-20T12:38:56","slug":"lvmelna-teja-herba-20x1-5gr-vacija","status":"publish","type":"product","link":"https:\/\/ramrolf.lv\/ru\/product\/lvmelna-teja-herba-20x1-5gr-vacija\/","title":{"rendered":"Melna t\u0113ja Herba 20&#215;1.5gr Vacija"},"content":{"rendered":"","protected":false},"excerpt":{"rendered":"<p>Meln\u0101 t\u0113ja<\/p>\n","protected":false},"featured_media":40017,"template":"","meta":[],"product_cat":[369],"product_tag":[],"_links":{"self":[{"href":"https:\/\/ramrolf.lv\/ru\/wp-json\/wp\/v2\/product\/40016"}],"collection":[{"href":"https:\/\/ramrolf.lv\/ru\/wp-json\/wp\/v2\/product"}],"about":[{"href":"https:\/\/ramrolf.lv\/ru\/wp-json\/wp\/v2\/types\/product"}],"wp:featuredmedia":[{"embeddable":true,"href":"https:\/\/ramrolf.lv\/ru\/wp-json\/wp\/v2\/media\/40017"}],"wp:attachment":[{"href":"https:\/\/ramrolf.lv\/ru\/wp-json\/wp\/v2\/media?parent=40016"}],"wp:term":[{"taxonomy":"product_cat","embeddable":true,"href":"https:\/\/ramrolf.lv\/ru\/wp-json\/wp\/v2\/product_cat?post=40016"},{"taxonomy":"product_tag","embeddable":true,"href":"https:\/\/ramrolf.lv\/ru\/wp-json\/wp\/v2\/product_tag?post=40016"}],"curies":[{"name":"wp","href":"https:\/\/api.w.org\/{rel}","templated":true}]}}