{"id":40030,"date":"2018-11-19T23:35:08","date_gmt":"2018-11-19T20:35:08","guid":{"rendered":"http:\/\/www.ramrolf.eu\/product\/lvteja-herba-auglu-20x2g-vacija\/"},"modified":"2018-11-20T15:35:50","modified_gmt":"2018-11-20T12:35:50","slug":"lvteja-herba-auglu-20x2g-vacija","status":"publish","type":"product","link":"https:\/\/ramrolf.lv\/ru\/product\/lvteja-herba-auglu-20x2g-vacija\/","title":{"rendered":"T\u0113ja Herba Aug\u013cu 20x2g Vacija"},"content":{"rendered":"","protected":false},"excerpt":{"rendered":"<p>Z\u0101\u013cu un aug\u013cu t\u0113ja<\/p>\n","protected":false},"featured_media":40031,"template":"","meta":[],"product_cat":[369],"product_tag":[],"_links":{"self":[{"href":"https:\/\/ramrolf.lv\/ru\/wp-json\/wp\/v2\/product\/40030"}],"collection":[{"href":"https:\/\/ramrolf.lv\/ru\/wp-json\/wp\/v2\/product"}],"about":[{"href":"https:\/\/ramrolf.lv\/ru\/wp-json\/wp\/v2\/types\/product"}],"wp:featuredmedia":[{"embeddable":true,"href":"https:\/\/ramrolf.lv\/ru\/wp-json\/wp\/v2\/media\/40031"}],"wp:attachment":[{"href":"https:\/\/ramrolf.lv\/ru\/wp-json\/wp\/v2\/media?parent=40030"}],"wp:term":[{"taxonomy":"product_cat","embeddable":true,"href":"https:\/\/ramrolf.lv\/ru\/wp-json\/wp\/v2\/product_cat?post=40030"},{"taxonomy":"product_tag","embeddable":true,"href":"https:\/\/ramrolf.lv\/ru\/wp-json\/wp\/v2\/product_tag?post=40030"}],"curies":[{"name":"wp","href":"https:\/\/api.w.org\/{rel}","templated":true}]}}