{"id":40060,"date":"2018-11-19T23:35:13","date_gmt":"2018-11-19T20:35:13","guid":{"rendered":"http:\/\/www.ramrolf.eu\/product\/lvgreenfield-camomile-meadow-zalu-teja-25x1-5gr\/"},"modified":"2018-11-20T15:07:37","modified_gmt":"2018-11-20T12:07:37","slug":"lvgreenfield-camomile-meadow-zalu-teja-25x1-5gr","status":"publish","type":"product","link":"https:\/\/ramrolf.lv\/ru\/product\/lvgreenfield-camomile-meadow-zalu-teja-25x1-5gr\/","title":{"rendered":"GREENFIELD Camomile Meadow z\u0101\u013cu t\u0113ja 25&#215;1, 5gr."},"content":{"rendered":"","protected":false},"excerpt":{"rendered":"<p>Z\u0101\u013cu un aug\u013cu t\u0113ja<\/p>\n","protected":false},"featured_media":40061,"template":"","meta":[],"product_cat":[369],"product_tag":[],"_links":{"self":[{"href":"https:\/\/ramrolf.lv\/ru\/wp-json\/wp\/v2\/product\/40060"}],"collection":[{"href":"https:\/\/ramrolf.lv\/ru\/wp-json\/wp\/v2\/product"}],"about":[{"href":"https:\/\/ramrolf.lv\/ru\/wp-json\/wp\/v2\/types\/product"}],"wp:featuredmedia":[{"embeddable":true,"href":"https:\/\/ramrolf.lv\/ru\/wp-json\/wp\/v2\/media\/40061"}],"wp:attachment":[{"href":"https:\/\/ramrolf.lv\/ru\/wp-json\/wp\/v2\/media?parent=40060"}],"wp:term":[{"taxonomy":"product_cat","embeddable":true,"href":"https:\/\/ramrolf.lv\/ru\/wp-json\/wp\/v2\/product_cat?post=40060"},{"taxonomy":"product_tag","embeddable":true,"href":"https:\/\/ramrolf.lv\/ru\/wp-json\/wp\/v2\/product_tag?post=40060"}],"curies":[{"name":"wp","href":"https:\/\/api.w.org\/{rel}","templated":true}]}}