{"id":40062,"date":"2018-11-19T23:35:13","date_gmt":"2018-11-19T20:35:13","guid":{"rendered":"http:\/\/www.ramrolf.eu\/product\/lvgreenfield-green-melisa-zala-teja-25x1-5g\/"},"modified":"2018-11-20T18:00:45","modified_gmt":"2018-11-20T15:00:45","slug":"lvgreenfield-green-melisa-zala-teja-25x1-5g","status":"publish","type":"product","link":"https:\/\/ramrolf.lv\/ru\/product\/lvgreenfield-green-melisa-zala-teja-25x1-5g\/","title":{"rendered":"GREENFIELD Green Melisa za\u013c\u0101 t\u0113ja 25&#215;1.5g"},"content":{"rendered":"","protected":false},"excerpt":{"rendered":"<p>Za\u013c\u0101 un aromatiz\u0113ta za\u013c\u0101 t\u0113ja<\/p>\n","protected":false},"featured_media":40063,"template":"","meta":[],"product_cat":[369],"product_tag":[],"_links":{"self":[{"href":"https:\/\/ramrolf.lv\/ru\/wp-json\/wp\/v2\/product\/40062"}],"collection":[{"href":"https:\/\/ramrolf.lv\/ru\/wp-json\/wp\/v2\/product"}],"about":[{"href":"https:\/\/ramrolf.lv\/ru\/wp-json\/wp\/v2\/types\/product"}],"wp:featuredmedia":[{"embeddable":true,"href":"https:\/\/ramrolf.lv\/ru\/wp-json\/wp\/v2\/media\/40063"}],"wp:attachment":[{"href":"https:\/\/ramrolf.lv\/ru\/wp-json\/wp\/v2\/media?parent=40062"}],"wp:term":[{"taxonomy":"product_cat","embeddable":true,"href":"https:\/\/ramrolf.lv\/ru\/wp-json\/wp\/v2\/product_cat?post=40062"},{"taxonomy":"product_tag","embeddable":true,"href":"https:\/\/ramrolf.lv\/ru\/wp-json\/wp\/v2\/product_tag?post=40062"}],"curies":[{"name":"wp","href":"https:\/\/api.w.org\/{rel}","templated":true}]}}