{"id":40068,"date":"2018-11-19T23:35:14","date_gmt":"2018-11-19T20:35:14","guid":{"rendered":"http:\/\/www.ramrolf.eu\/product\/lvgreenfield-festive-grape-zalu-teja-25x2g\/"},"modified":"2018-11-20T15:14:06","modified_gmt":"2018-11-20T12:14:06","slug":"lvgreenfield-festive-grape-zalu-teja-25x2g","status":"publish","type":"product","link":"https:\/\/ramrolf.lv\/ru\/product\/lvgreenfield-festive-grape-zalu-teja-25x2g\/","title":{"rendered":"GREENFIELD Festive Grape z\u0101\u013cu t\u0113ja 25x2g"},"content":{"rendered":"","protected":false},"excerpt":{"rendered":"<p>Z\u0101\u013cu un aug\u013cu t\u0113ja<\/p>\n","protected":false},"featured_media":40069,"template":"","meta":[],"product_cat":[369],"product_tag":[],"_links":{"self":[{"href":"https:\/\/ramrolf.lv\/ru\/wp-json\/wp\/v2\/product\/40068"}],"collection":[{"href":"https:\/\/ramrolf.lv\/ru\/wp-json\/wp\/v2\/product"}],"about":[{"href":"https:\/\/ramrolf.lv\/ru\/wp-json\/wp\/v2\/types\/product"}],"wp:featuredmedia":[{"embeddable":true,"href":"https:\/\/ramrolf.lv\/ru\/wp-json\/wp\/v2\/media\/40069"}],"wp:attachment":[{"href":"https:\/\/ramrolf.lv\/ru\/wp-json\/wp\/v2\/media?parent=40068"}],"wp:term":[{"taxonomy":"product_cat","embeddable":true,"href":"https:\/\/ramrolf.lv\/ru\/wp-json\/wp\/v2\/product_cat?post=40068"},{"taxonomy":"product_tag","embeddable":true,"href":"https:\/\/ramrolf.lv\/ru\/wp-json\/wp\/v2\/product_tag?post=40068"}],"curies":[{"name":"wp","href":"https:\/\/api.w.org\/{rel}","templated":true}]}}