{"id":40074,"date":"2018-11-19T23:35:15","date_gmt":"2018-11-19T20:35:15","guid":{"rendered":"http:\/\/www.ramrolf.eu\/product\/lvgreenfield-delicate-keemun-melna-teja-25x2-gr\/"},"modified":"2018-11-20T15:39:52","modified_gmt":"2018-11-20T12:39:52","slug":"lvgreenfield-delicate-keemun-melna-teja-25x2-gr","status":"publish","type":"product","link":"https:\/\/ramrolf.lv\/ru\/product\/lvgreenfield-delicate-keemun-melna-teja-25x2-gr\/","title":{"rendered":"GREENFIELD Delicate Keemun meln\u0101 teja 25&#215;2 gr."},"content":{"rendered":"","protected":false},"excerpt":{"rendered":"<p>Meln\u0101 t\u0113ja<\/p>\n","protected":false},"featured_media":40075,"template":"","meta":[],"product_cat":[369],"product_tag":[],"_links":{"self":[{"href":"https:\/\/ramrolf.lv\/ru\/wp-json\/wp\/v2\/product\/40074"}],"collection":[{"href":"https:\/\/ramrolf.lv\/ru\/wp-json\/wp\/v2\/product"}],"about":[{"href":"https:\/\/ramrolf.lv\/ru\/wp-json\/wp\/v2\/types\/product"}],"wp:featuredmedia":[{"embeddable":true,"href":"https:\/\/ramrolf.lv\/ru\/wp-json\/wp\/v2\/media\/40075"}],"wp:attachment":[{"href":"https:\/\/ramrolf.lv\/ru\/wp-json\/wp\/v2\/media?parent=40074"}],"wp:term":[{"taxonomy":"product_cat","embeddable":true,"href":"https:\/\/ramrolf.lv\/ru\/wp-json\/wp\/v2\/product_cat?post=40074"},{"taxonomy":"product_tag","embeddable":true,"href":"https:\/\/ramrolf.lv\/ru\/wp-json\/wp\/v2\/product_tag?post=40074"}],"curies":[{"name":"wp","href":"https:\/\/api.w.org\/{rel}","templated":true}]}}