{"id":40076,"date":"2018-11-19T23:35:15","date_gmt":"2018-11-19T20:35:15","guid":{"rendered":"http:\/\/www.ramrolf.eu\/product\/lvgreenfield-earl-grey-fantasy-melna-teja-25x2g\/"},"modified":"2018-11-20T15:36:42","modified_gmt":"2018-11-20T12:36:42","slug":"lvgreenfield-earl-grey-fantasy-melna-teja-25x2g","status":"publish","type":"product","link":"https:\/\/ramrolf.lv\/ru\/product\/lvgreenfield-earl-grey-fantasy-melna-teja-25x2g\/","title":{"rendered":"GREENFIELD Earl Grey Fantasy meln\u0101 t\u0113ja 25x2g"},"content":{"rendered":"","protected":false},"excerpt":{"rendered":"<p>Meln\u0101 t\u0113ja<\/p>\n","protected":false},"featured_media":40077,"template":"","meta":[],"product_cat":[369],"product_tag":[],"_links":{"self":[{"href":"https:\/\/ramrolf.lv\/ru\/wp-json\/wp\/v2\/product\/40076"}],"collection":[{"href":"https:\/\/ramrolf.lv\/ru\/wp-json\/wp\/v2\/product"}],"about":[{"href":"https:\/\/ramrolf.lv\/ru\/wp-json\/wp\/v2\/types\/product"}],"wp:featuredmedia":[{"embeddable":true,"href":"https:\/\/ramrolf.lv\/ru\/wp-json\/wp\/v2\/media\/40077"}],"wp:attachment":[{"href":"https:\/\/ramrolf.lv\/ru\/wp-json\/wp\/v2\/media?parent=40076"}],"wp:term":[{"taxonomy":"product_cat","embeddable":true,"href":"https:\/\/ramrolf.lv\/ru\/wp-json\/wp\/v2\/product_cat?post=40076"},{"taxonomy":"product_tag","embeddable":true,"href":"https:\/\/ramrolf.lv\/ru\/wp-json\/wp\/v2\/product_tag?post=40076"}],"curies":[{"name":"wp","href":"https:\/\/api.w.org\/{rel}","templated":true}]}}