{"id":40078,"date":"2018-11-19T23:35:16","date_gmt":"2018-11-19T20:35:16","guid":{"rendered":"http:\/\/www.ramrolf.eu\/product\/lvgreenfield-creamy-rooibos-zalu-teja-25x1-5g\/"},"modified":"2018-11-20T15:17:18","modified_gmt":"2018-11-20T12:17:18","slug":"lvgreenfield-creamy-rooibos-zalu-teja-25x1-5g","status":"publish","type":"product","link":"https:\/\/ramrolf.lv\/ru\/product\/lvgreenfield-creamy-rooibos-zalu-teja-25x1-5g\/","title":{"rendered":"GREENFIELD Creamy Rooibos z\u0101\u013cu t\u0113ja 25&#215;1.5g"},"content":{"rendered":"","protected":false},"excerpt":{"rendered":"<p>Z\u0101\u013cu un aug\u013cu t\u0113ja<\/p>\n","protected":false},"featured_media":40079,"template":"","meta":[],"product_cat":[369],"product_tag":[],"_links":{"self":[{"href":"https:\/\/ramrolf.lv\/ru\/wp-json\/wp\/v2\/product\/40078"}],"collection":[{"href":"https:\/\/ramrolf.lv\/ru\/wp-json\/wp\/v2\/product"}],"about":[{"href":"https:\/\/ramrolf.lv\/ru\/wp-json\/wp\/v2\/types\/product"}],"wp:featuredmedia":[{"embeddable":true,"href":"https:\/\/ramrolf.lv\/ru\/wp-json\/wp\/v2\/media\/40079"}],"wp:attachment":[{"href":"https:\/\/ramrolf.lv\/ru\/wp-json\/wp\/v2\/media?parent=40078"}],"wp:term":[{"taxonomy":"product_cat","embeddable":true,"href":"https:\/\/ramrolf.lv\/ru\/wp-json\/wp\/v2\/product_cat?post=40078"},{"taxonomy":"product_tag","embeddable":true,"href":"https:\/\/ramrolf.lv\/ru\/wp-json\/wp\/v2\/product_tag?post=40078"}],"curies":[{"name":"wp","href":"https:\/\/api.w.org\/{rel}","templated":true}]}}