{"id":40104,"date":"2018-11-19T23:35:20","date_gmt":"2018-11-19T20:35:20","guid":{"rendered":"http:\/\/www.ramrolf.eu\/product\/lvgreenfield-vanilla-cranberry-melna-teja-25x1-5g\/"},"modified":"2018-11-20T17:54:14","modified_gmt":"2018-11-20T14:54:14","slug":"lvgreenfield-vanilla-cranberry-melna-teja-25x1-5g","status":"publish","type":"product","link":"https:\/\/ramrolf.lv\/ru\/product\/lvgreenfield-vanilla-cranberry-melna-teja-25x1-5g\/","title":{"rendered":"GREENFIELD Vanilla Cranberry,  meln\u0101 t\u0113ja 25&#215;1.5g"},"content":{"rendered":"","protected":false},"excerpt":{"rendered":"<p>Meln\u0101 aromatiz\u0113t\u0101 t\u0113ja<\/p>\n","protected":false},"featured_media":40105,"template":"","meta":[],"product_cat":[369],"product_tag":[],"_links":{"self":[{"href":"https:\/\/ramrolf.lv\/ru\/wp-json\/wp\/v2\/product\/40104"}],"collection":[{"href":"https:\/\/ramrolf.lv\/ru\/wp-json\/wp\/v2\/product"}],"about":[{"href":"https:\/\/ramrolf.lv\/ru\/wp-json\/wp\/v2\/types\/product"}],"wp:featuredmedia":[{"embeddable":true,"href":"https:\/\/ramrolf.lv\/ru\/wp-json\/wp\/v2\/media\/40105"}],"wp:attachment":[{"href":"https:\/\/ramrolf.lv\/ru\/wp-json\/wp\/v2\/media?parent=40104"}],"wp:term":[{"taxonomy":"product_cat","embeddable":true,"href":"https:\/\/ramrolf.lv\/ru\/wp-json\/wp\/v2\/product_cat?post=40104"},{"taxonomy":"product_tag","embeddable":true,"href":"https:\/\/ramrolf.lv\/ru\/wp-json\/wp\/v2\/product_tag?post=40104"}],"curies":[{"name":"wp","href":"https:\/\/api.w.org\/{rel}","templated":true}]}}