{"id":40114,"date":"2018-11-19T23:35:22","date_gmt":"2018-11-19T20:35:22","guid":{"rendered":"http:\/\/www.ramrolf.eu\/product\/lvgreenfield-golden-ceylon-melna-teja-100x2g\/"},"modified":"2018-11-20T17:50:08","modified_gmt":"2018-11-20T14:50:08","slug":"lvgreenfield-golden-ceylon-melna-teja-100x2g","status":"publish","type":"product","link":"https:\/\/ramrolf.lv\/ru\/product\/lvgreenfield-golden-ceylon-melna-teja-100x2g\/","title":{"rendered":"GREENFIELD Golden Ceylon meln\u0101 t\u0113ja 100x2g"},"content":{"rendered":"","protected":false},"excerpt":{"rendered":"<p>Meln\u0101 t\u0113ja<\/p>\n","protected":false},"featured_media":40115,"template":"","meta":[],"product_cat":[369],"product_tag":[],"_links":{"self":[{"href":"https:\/\/ramrolf.lv\/ru\/wp-json\/wp\/v2\/product\/40114"}],"collection":[{"href":"https:\/\/ramrolf.lv\/ru\/wp-json\/wp\/v2\/product"}],"about":[{"href":"https:\/\/ramrolf.lv\/ru\/wp-json\/wp\/v2\/types\/product"}],"wp:featuredmedia":[{"embeddable":true,"href":"https:\/\/ramrolf.lv\/ru\/wp-json\/wp\/v2\/media\/40115"}],"wp:attachment":[{"href":"https:\/\/ramrolf.lv\/ru\/wp-json\/wp\/v2\/media?parent=40114"}],"wp:term":[{"taxonomy":"product_cat","embeddable":true,"href":"https:\/\/ramrolf.lv\/ru\/wp-json\/wp\/v2\/product_cat?post=40114"},{"taxonomy":"product_tag","embeddable":true,"href":"https:\/\/ramrolf.lv\/ru\/wp-json\/wp\/v2\/product_tag?post=40114"}],"curies":[{"name":"wp","href":"https:\/\/api.w.org\/{rel}","templated":true}]}}