{"id":40124,"date":"2018-11-19T23:35:24","date_gmt":"2018-11-19T20:35:24","guid":{"rendered":"http:\/\/www.ramrolf.eu\/product\/lvmineraludens-evian-0-5l-negazets\/"},"modified":"2021-08-25T16:31:22","modified_gmt":"2021-08-25T13:31:22","slug":"lvmineraludens-evian-0-5l-negazets","status":"publish","type":"product","link":"https:\/\/ramrolf.lv\/ru\/product\/lvmineraludens-evian-0-5l-negazets\/","title":{"rendered":"*Miner\u0101l\u016bdens EVIAN 0.5l neg\u0101z\u0113ts"},"content":{"rendered":"","protected":false},"excerpt":{"rendered":"<p>Bezalkoholiskie dz\u0113rieni<\/p>\n","protected":false},"featured_media":40125,"template":"","meta":[],"product_cat":[469,368],"product_tag":[],"_links":{"self":[{"href":"https:\/\/ramrolf.lv\/ru\/wp-json\/wp\/v2\/product\/40124"}],"collection":[{"href":"https:\/\/ramrolf.lv\/ru\/wp-json\/wp\/v2\/product"}],"about":[{"href":"https:\/\/ramrolf.lv\/ru\/wp-json\/wp\/v2\/types\/product"}],"wp:featuredmedia":[{"embeddable":true,"href":"https:\/\/ramrolf.lv\/ru\/wp-json\/wp\/v2\/media\/40125"}],"wp:attachment":[{"href":"https:\/\/ramrolf.lv\/ru\/wp-json\/wp\/v2\/media?parent=40124"}],"wp:term":[{"taxonomy":"product_cat","embeddable":true,"href":"https:\/\/ramrolf.lv\/ru\/wp-json\/wp\/v2\/product_cat?post=40124"},{"taxonomy":"product_tag","embeddable":true,"href":"https:\/\/ramrolf.lv\/ru\/wp-json\/wp\/v2\/product_tag?post=40124"}],"curies":[{"name":"wp","href":"https:\/\/api.w.org\/{rel}","templated":true}]}}