{"id":40140,"date":"2018-11-19T23:35:27","date_gmt":"2018-11-19T20:35:27","guid":{"rendered":"http:\/\/www.ramrolf.eu\/product\/lvgreenfield-redberry-crumble-melna-teja-20-x-1-8g\/"},"modified":"2018-11-20T17:35:12","modified_gmt":"2018-11-20T14:35:12","slug":"lvgreenfield-redberry-crumble-melna-teja-20-x-1-8g","status":"publish","type":"product","link":"https:\/\/ramrolf.lv\/ru\/product\/lvgreenfield-redberry-crumble-melna-teja-20-x-1-8g\/","title":{"rendered":"GREENFIELD Redberry Crumble meln\u0101 t\u0113ja 20 x 1.8g"},"content":{"rendered":"","protected":false},"excerpt":{"rendered":"<p>Meln\u0101 aromatiz\u0113t\u0101 t\u0113ja<\/p>\n","protected":false},"featured_media":40141,"template":"","meta":[],"product_cat":[369],"product_tag":[],"_links":{"self":[{"href":"https:\/\/ramrolf.lv\/ru\/wp-json\/wp\/v2\/product\/40140"}],"collection":[{"href":"https:\/\/ramrolf.lv\/ru\/wp-json\/wp\/v2\/product"}],"about":[{"href":"https:\/\/ramrolf.lv\/ru\/wp-json\/wp\/v2\/types\/product"}],"wp:featuredmedia":[{"embeddable":true,"href":"https:\/\/ramrolf.lv\/ru\/wp-json\/wp\/v2\/media\/40141"}],"wp:attachment":[{"href":"https:\/\/ramrolf.lv\/ru\/wp-json\/wp\/v2\/media?parent=40140"}],"wp:term":[{"taxonomy":"product_cat","embeddable":true,"href":"https:\/\/ramrolf.lv\/ru\/wp-json\/wp\/v2\/product_cat?post=40140"},{"taxonomy":"product_tag","embeddable":true,"href":"https:\/\/ramrolf.lv\/ru\/wp-json\/wp\/v2\/product_tag?post=40140"}],"curies":[{"name":"wp","href":"https:\/\/api.w.org\/{rel}","templated":true}]}}