{"id":40578,"date":"2018-11-22T17:05:26","date_gmt":"2018-11-22T14:05:26","guid":{"rendered":"http:\/\/www.ramrolf.eu\/product\/lvkanvas-fotodrukasanai-a3-280g-1lap\/"},"modified":"2018-11-22T17:05:26","modified_gmt":"2018-11-22T14:05:26","slug":"lvkanvas-fotodrukasanai-a3-280g-1lap","status":"publish","type":"product","link":"https:\/\/ramrolf.lv\/ru\/product\/lvkanvas-fotodrukasanai-a3-280g-1lap\/","title":{"rendered":"Kanvas fotodruka\u0161anai A3 280g 1lap"},"content":{"rendered":"","protected":false},"excerpt":{"rendered":"<p>Fotopap\u012brs ar spec.p\u0101rklaju<\/p>\n","protected":false},"featured_media":40579,"template":"","meta":[],"product_cat":[454],"product_tag":[],"_links":{"self":[{"href":"https:\/\/ramrolf.lv\/ru\/wp-json\/wp\/v2\/product\/40578"}],"collection":[{"href":"https:\/\/ramrolf.lv\/ru\/wp-json\/wp\/v2\/product"}],"about":[{"href":"https:\/\/ramrolf.lv\/ru\/wp-json\/wp\/v2\/types\/product"}],"wp:featuredmedia":[{"embeddable":true,"href":"https:\/\/ramrolf.lv\/ru\/wp-json\/wp\/v2\/media\/40579"}],"wp:attachment":[{"href":"https:\/\/ramrolf.lv\/ru\/wp-json\/wp\/v2\/media?parent=40578"}],"wp:term":[{"taxonomy":"product_cat","embeddable":true,"href":"https:\/\/ramrolf.lv\/ru\/wp-json\/wp\/v2\/product_cat?post=40578"},{"taxonomy":"product_tag","embeddable":true,"href":"https:\/\/ramrolf.lv\/ru\/wp-json\/wp\/v2\/product_tag?post=40578"}],"curies":[{"name":"wp","href":"https:\/\/api.w.org\/{rel}","templated":true}]}}