{"id":40588,"date":"2018-11-22T17:05:28","date_gmt":"2018-11-22T14:05:28","guid":{"rendered":"http:\/\/www.ramrolf.eu\/product\/lvfotopapirs-10x15cm-230g-20lap-glancets-hartwii\/"},"modified":"2018-11-22T17:05:28","modified_gmt":"2018-11-22T14:05:28","slug":"lvfotopapirs-10x15cm-230g-20lap-glancets-hartwii","status":"publish","type":"product","link":"https:\/\/ramrolf.lv\/ru\/product\/lvfotopapirs-10x15cm-230g-20lap-glancets-hartwii\/","title":{"rendered":"Fotopap\u012brs 10x15cm 230g 20lap glanc\u0113ts Hartwii"},"content":{"rendered":"","protected":false},"excerpt":{"rendered":"<p>Fotopap\u012brs glanc\u0113ts<\/p>\n","protected":false},"featured_media":40589,"template":"","meta":[],"product_cat":[454],"product_tag":[],"_links":{"self":[{"href":"https:\/\/ramrolf.lv\/ru\/wp-json\/wp\/v2\/product\/40588"}],"collection":[{"href":"https:\/\/ramrolf.lv\/ru\/wp-json\/wp\/v2\/product"}],"about":[{"href":"https:\/\/ramrolf.lv\/ru\/wp-json\/wp\/v2\/types\/product"}],"wp:featuredmedia":[{"embeddable":true,"href":"https:\/\/ramrolf.lv\/ru\/wp-json\/wp\/v2\/media\/40589"}],"wp:attachment":[{"href":"https:\/\/ramrolf.lv\/ru\/wp-json\/wp\/v2\/media?parent=40588"}],"wp:term":[{"taxonomy":"product_cat","embeddable":true,"href":"https:\/\/ramrolf.lv\/ru\/wp-json\/wp\/v2\/product_cat?post=40588"},{"taxonomy":"product_tag","embeddable":true,"href":"https:\/\/ramrolf.lv\/ru\/wp-json\/wp\/v2\/product_tag?post=40588"}],"curies":[{"name":"wp","href":"https:\/\/api.w.org\/{rel}","templated":true}]}}