{"id":40592,"date":"2018-11-22T17:05:29","date_gmt":"2018-11-22T14:05:29","guid":{"rendered":"http:\/\/www.ramrolf.eu\/product\/lvfotopapirs-termoparnesanai-a4-170g-5lap-melni-audumi\/"},"modified":"2018-11-22T17:05:29","modified_gmt":"2018-11-22T14:05:29","slug":"lvfotopapirs-termoparnesanai-a4-170g-5lap-melni-audumi","status":"publish","type":"product","link":"https:\/\/ramrolf.lv\/ru\/product\/lvfotopapirs-termoparnesanai-a4-170g-5lap-melni-audumi\/","title":{"rendered":"Fotopap\u012brs termop\u0101rn\u0113\u0161anai A4 170g 5lap melni audumi"},"content":{"rendered":"","protected":false},"excerpt":{"rendered":"<p>Fotopap\u012brs ar spec.p\u0101rklaju<\/p>\n","protected":false},"featured_media":40593,"template":"","meta":[],"product_cat":[454],"product_tag":[],"_links":{"self":[{"href":"https:\/\/ramrolf.lv\/ru\/wp-json\/wp\/v2\/product\/40592"}],"collection":[{"href":"https:\/\/ramrolf.lv\/ru\/wp-json\/wp\/v2\/product"}],"about":[{"href":"https:\/\/ramrolf.lv\/ru\/wp-json\/wp\/v2\/types\/product"}],"wp:featuredmedia":[{"embeddable":true,"href":"https:\/\/ramrolf.lv\/ru\/wp-json\/wp\/v2\/media\/40593"}],"wp:attachment":[{"href":"https:\/\/ramrolf.lv\/ru\/wp-json\/wp\/v2\/media?parent=40592"}],"wp:term":[{"taxonomy":"product_cat","embeddable":true,"href":"https:\/\/ramrolf.lv\/ru\/wp-json\/wp\/v2\/product_cat?post=40592"},{"taxonomy":"product_tag","embeddable":true,"href":"https:\/\/ramrolf.lv\/ru\/wp-json\/wp\/v2\/product_tag?post=40592"}],"curies":[{"name":"wp","href":"https:\/\/api.w.org\/{rel}","templated":true}]}}