{"id":40596,"date":"2018-11-22T17:05:31","date_gmt":"2018-11-22T14:05:31","guid":{"rendered":"http:\/\/www.ramrolf.eu\/product\/lvfotopapirs-a4-160g-20lap-matets-divpusigs-full-colors\/"},"modified":"2018-11-22T17:05:31","modified_gmt":"2018-11-22T14:05:31","slug":"lvfotopapirs-a4-160g-20lap-matets-divpusigs-full-colors","status":"publish","type":"product","link":"https:\/\/ramrolf.lv\/ru\/product\/lvfotopapirs-a4-160g-20lap-matets-divpusigs-full-colors\/","title":{"rendered":"Fotopap\u012brs A4 160g 20lap mat\u0113ts divpus\u012bgs Full Colors"},"content":{"rendered":"","protected":false},"excerpt":{"rendered":"<p>Fotopap\u012brs mat\u0113ts<\/p>\n","protected":false},"featured_media":40597,"template":"","meta":[],"product_cat":[454],"product_tag":[],"_links":{"self":[{"href":"https:\/\/ramrolf.lv\/ru\/wp-json\/wp\/v2\/product\/40596"}],"collection":[{"href":"https:\/\/ramrolf.lv\/ru\/wp-json\/wp\/v2\/product"}],"about":[{"href":"https:\/\/ramrolf.lv\/ru\/wp-json\/wp\/v2\/types\/product"}],"wp:featuredmedia":[{"embeddable":true,"href":"https:\/\/ramrolf.lv\/ru\/wp-json\/wp\/v2\/media\/40597"}],"wp:attachment":[{"href":"https:\/\/ramrolf.lv\/ru\/wp-json\/wp\/v2\/media?parent=40596"}],"wp:term":[{"taxonomy":"product_cat","embeddable":true,"href":"https:\/\/ramrolf.lv\/ru\/wp-json\/wp\/v2\/product_cat?post=40596"},{"taxonomy":"product_tag","embeddable":true,"href":"https:\/\/ramrolf.lv\/ru\/wp-json\/wp\/v2\/product_tag?post=40596"}],"curies":[{"name":"wp","href":"https:\/\/api.w.org\/{rel}","templated":true}]}}