{"id":40626,"date":"2018-11-22T17:05:38","date_gmt":"2018-11-22T14:05:38","guid":{"rendered":"http:\/\/www.ramrolf.eu\/product\/lvfotopapirs-a4-230g-20lap-glancets\/"},"modified":"2018-11-22T17:05:38","modified_gmt":"2018-11-22T14:05:38","slug":"lvfotopapirs-a4-230g-20lap-glancets","status":"publish","type":"product","link":"https:\/\/ramrolf.lv\/ru\/product\/lvfotopapirs-a4-230g-20lap-glancets\/","title":{"rendered":"Fotopap\u012brs A4 230g\/20lap glanc\u0113ts"},"content":{"rendered":"","protected":false},"excerpt":{"rendered":"<p>Fotopap\u012brs glanc\u0113ts<\/p>\n","protected":false},"featured_media":40627,"template":"","meta":[],"product_cat":[454],"product_tag":[],"_links":{"self":[{"href":"https:\/\/ramrolf.lv\/ru\/wp-json\/wp\/v2\/product\/40626"}],"collection":[{"href":"https:\/\/ramrolf.lv\/ru\/wp-json\/wp\/v2\/product"}],"about":[{"href":"https:\/\/ramrolf.lv\/ru\/wp-json\/wp\/v2\/types\/product"}],"wp:featuredmedia":[{"embeddable":true,"href":"https:\/\/ramrolf.lv\/ru\/wp-json\/wp\/v2\/media\/40627"}],"wp:attachment":[{"href":"https:\/\/ramrolf.lv\/ru\/wp-json\/wp\/v2\/media?parent=40626"}],"wp:term":[{"taxonomy":"product_cat","embeddable":true,"href":"https:\/\/ramrolf.lv\/ru\/wp-json\/wp\/v2\/product_cat?post=40626"},{"taxonomy":"product_tag","embeddable":true,"href":"https:\/\/ramrolf.lv\/ru\/wp-json\/wp\/v2\/product_tag?post=40626"}],"curies":[{"name":"wp","href":"https:\/\/api.w.org\/{rel}","templated":true}]}}