{"id":40628,"date":"2018-11-22T17:05:39","date_gmt":"2018-11-22T14:05:39","guid":{"rendered":"http:\/\/www.ramrolf.eu\/product\/lvfotopapirs-a3-140g-100lap-matets-divpusigs-hartwii\/"},"modified":"2018-11-22T17:05:39","modified_gmt":"2018-11-22T14:05:39","slug":"lvfotopapirs-a3-140g-100lap-matets-divpusigs-hartwii","status":"publish","type":"product","link":"https:\/\/ramrolf.lv\/ru\/product\/lvfotopapirs-a3-140g-100lap-matets-divpusigs-hartwii\/","title":{"rendered":"Fotopap\u012brs A3 140g 100lap mat\u0113ts divpus\u012bgs Hartwii"},"content":{"rendered":"","protected":false},"excerpt":{"rendered":"<p>Fotopap\u012brs mat\u0113ts<\/p>\n","protected":false},"featured_media":40629,"template":"","meta":[],"product_cat":[454],"product_tag":[],"_links":{"self":[{"href":"https:\/\/ramrolf.lv\/ru\/wp-json\/wp\/v2\/product\/40628"}],"collection":[{"href":"https:\/\/ramrolf.lv\/ru\/wp-json\/wp\/v2\/product"}],"about":[{"href":"https:\/\/ramrolf.lv\/ru\/wp-json\/wp\/v2\/types\/product"}],"wp:featuredmedia":[{"embeddable":true,"href":"https:\/\/ramrolf.lv\/ru\/wp-json\/wp\/v2\/media\/40629"}],"wp:attachment":[{"href":"https:\/\/ramrolf.lv\/ru\/wp-json\/wp\/v2\/media?parent=40628"}],"wp:term":[{"taxonomy":"product_cat","embeddable":true,"href":"https:\/\/ramrolf.lv\/ru\/wp-json\/wp\/v2\/product_cat?post=40628"},{"taxonomy":"product_tag","embeddable":true,"href":"https:\/\/ramrolf.lv\/ru\/wp-json\/wp\/v2\/product_tag?post=40628"}],"curies":[{"name":"wp","href":"https:\/\/api.w.org\/{rel}","templated":true}]}}