{"id":40634,"date":"2018-11-22T17:05:40","date_gmt":"2018-11-22T14:05:40","guid":{"rendered":"http:\/\/www.ramrolf.eu\/product\/lvfotopapirs-a4-260g-20lap-glancets-embosed-lina-audums-hartwi\/"},"modified":"2018-11-22T17:05:40","modified_gmt":"2018-11-22T14:05:40","slug":"lvfotopapirs-a4-260g-20lap-glancets-embosed-lina-audums-hartwi","status":"publish","type":"product","link":"https:\/\/ramrolf.lv\/ru\/product\/lvfotopapirs-a4-260g-20lap-glancets-embosed-lina-audums-hartwi\/","title":{"rendered":"Fotopap\u012brs A4 260g 20lap glanc\u0113ts Embosed lina audums Hartwi"},"content":{"rendered":"","protected":false},"excerpt":{"rendered":"<p>Fotopap\u012brs glanc\u0113ts<\/p>\n","protected":false},"featured_media":40635,"template":"","meta":[],"product_cat":[454],"product_tag":[],"_links":{"self":[{"href":"https:\/\/ramrolf.lv\/ru\/wp-json\/wp\/v2\/product\/40634"}],"collection":[{"href":"https:\/\/ramrolf.lv\/ru\/wp-json\/wp\/v2\/product"}],"about":[{"href":"https:\/\/ramrolf.lv\/ru\/wp-json\/wp\/v2\/types\/product"}],"wp:featuredmedia":[{"embeddable":true,"href":"https:\/\/ramrolf.lv\/ru\/wp-json\/wp\/v2\/media\/40635"}],"wp:attachment":[{"href":"https:\/\/ramrolf.lv\/ru\/wp-json\/wp\/v2\/media?parent=40634"}],"wp:term":[{"taxonomy":"product_cat","embeddable":true,"href":"https:\/\/ramrolf.lv\/ru\/wp-json\/wp\/v2\/product_cat?post=40634"},{"taxonomy":"product_tag","embeddable":true,"href":"https:\/\/ramrolf.lv\/ru\/wp-json\/wp\/v2\/product_tag?post=40634"}],"curies":[{"name":"wp","href":"https:\/\/api.w.org\/{rel}","templated":true}]}}