{"id":40636,"date":"2018-11-22T17:05:41","date_gmt":"2018-11-22T14:05:41","guid":{"rendered":"http:\/\/www.ramrolf.eu\/product\/lvpaslimejoss-fotopapirs-a4-135g-20lap-glancets-full-color\/"},"modified":"2018-11-22T17:05:41","modified_gmt":"2018-11-22T14:05:41","slug":"lvpaslimejoss-fotopapirs-a4-135g-20lap-glancets-full-color","status":"publish","type":"product","link":"https:\/\/ramrolf.lv\/ru\/product\/lvpaslimejoss-fotopapirs-a4-135g-20lap-glancets-full-color\/","title":{"rendered":"Pa\u0161l\u012bm\u0113jo\u0161s fotopap\u012brs A4 135g 20lap glanc\u0113ts Full Color"},"content":{"rendered":"","protected":false},"excerpt":{"rendered":"<p>Fotopap\u012brs glanc\u0113ts<\/p>\n","protected":false},"featured_media":40637,"template":"","meta":[],"product_cat":[454],"product_tag":[],"_links":{"self":[{"href":"https:\/\/ramrolf.lv\/ru\/wp-json\/wp\/v2\/product\/40636"}],"collection":[{"href":"https:\/\/ramrolf.lv\/ru\/wp-json\/wp\/v2\/product"}],"about":[{"href":"https:\/\/ramrolf.lv\/ru\/wp-json\/wp\/v2\/types\/product"}],"wp:featuredmedia":[{"embeddable":true,"href":"https:\/\/ramrolf.lv\/ru\/wp-json\/wp\/v2\/media\/40637"}],"wp:attachment":[{"href":"https:\/\/ramrolf.lv\/ru\/wp-json\/wp\/v2\/media?parent=40636"}],"wp:term":[{"taxonomy":"product_cat","embeddable":true,"href":"https:\/\/ramrolf.lv\/ru\/wp-json\/wp\/v2\/product_cat?post=40636"},{"taxonomy":"product_tag","embeddable":true,"href":"https:\/\/ramrolf.lv\/ru\/wp-json\/wp\/v2\/product_tag?post=40636"}],"curies":[{"name":"wp","href":"https:\/\/api.w.org\/{rel}","templated":true}]}}