{"id":40767,"date":"2018-11-22T17:22:51","date_gmt":"2018-11-22T14:22:51","guid":{"rendered":"http:\/\/www.ramrolf.eu\/product\/lvmarkesanas-pistole-motex-5500mx-vienrindu-21-5x12-eur-ls\/"},"modified":"2019-01-18T15:33:52","modified_gmt":"2019-01-18T12:33:52","slug":"lvmarkesanas-pistole-motex-5500mx-vienrindu-21-5x12-eur-ls","status":"publish","type":"product","link":"https:\/\/ramrolf.lv\/ru\/product\/lvmarkesanas-pistole-motex-5500mx-vienrindu-21-5x12-eur-ls\/","title":{"rendered":"Mar\u0137\u0113\u0161anas pistole MOTEX 5500MX vienrindu, 8 simboli, 21.5\u00d712mm"},"content":{"rendered":"","protected":false},"excerpt":{"rendered":"<p>Pistoles mar\u0137\u0113\u0161anai<\/p>\n","protected":false},"featured_media":40768,"template":"","meta":[],"product_cat":[459],"product_tag":[],"_links":{"self":[{"href":"https:\/\/ramrolf.lv\/ru\/wp-json\/wp\/v2\/product\/40767"}],"collection":[{"href":"https:\/\/ramrolf.lv\/ru\/wp-json\/wp\/v2\/product"}],"about":[{"href":"https:\/\/ramrolf.lv\/ru\/wp-json\/wp\/v2\/types\/product"}],"wp:featuredmedia":[{"embeddable":true,"href":"https:\/\/ramrolf.lv\/ru\/wp-json\/wp\/v2\/media\/40768"}],"wp:attachment":[{"href":"https:\/\/ramrolf.lv\/ru\/wp-json\/wp\/v2\/media?parent=40767"}],"wp:term":[{"taxonomy":"product_cat","embeddable":true,"href":"https:\/\/ramrolf.lv\/ru\/wp-json\/wp\/v2\/product_cat?post=40767"},{"taxonomy":"product_tag","embeddable":true,"href":"https:\/\/ramrolf.lv\/ru\/wp-json\/wp\/v2\/product_tag?post=40767"}],"curies":[{"name":"wp","href":"https:\/\/api.w.org\/{rel}","templated":true}]}}