{"id":40771,"date":"2018-11-22T17:22:53","date_gmt":"2018-11-22T14:22:53","guid":{"rendered":"http:\/\/www.ramrolf.eu\/product\/lvmarkes-lente-22x12-sarkana-1000uzl-rul\/"},"modified":"2019-01-18T14:15:18","modified_gmt":"2019-01-18T11:15:18","slug":"lvmarkes-lente-22x12-sarkana-1000uzl-rul","status":"publish","type":"product","link":"https:\/\/ramrolf.lv\/ru\/product\/lvmarkes-lente-22x12-sarkana-1000uzl-rul\/","title":{"rendered":"Mar\u0137\u0113\u0161anas lente 22\u00d712 sarkana 1000uzl.\/rul."},"content":{"rendered":"","protected":false},"excerpt":{"rendered":"<p>Mar\u0137\u0113\u0161anas lente<\/p>\n","protected":false},"featured_media":40772,"template":"","meta":[],"product_cat":[459],"product_tag":[],"_links":{"self":[{"href":"https:\/\/ramrolf.lv\/ru\/wp-json\/wp\/v2\/product\/40771"}],"collection":[{"href":"https:\/\/ramrolf.lv\/ru\/wp-json\/wp\/v2\/product"}],"about":[{"href":"https:\/\/ramrolf.lv\/ru\/wp-json\/wp\/v2\/types\/product"}],"wp:featuredmedia":[{"embeddable":true,"href":"https:\/\/ramrolf.lv\/ru\/wp-json\/wp\/v2\/media\/40772"}],"wp:attachment":[{"href":"https:\/\/ramrolf.lv\/ru\/wp-json\/wp\/v2\/media?parent=40771"}],"wp:term":[{"taxonomy":"product_cat","embeddable":true,"href":"https:\/\/ramrolf.lv\/ru\/wp-json\/wp\/v2\/product_cat?post=40771"},{"taxonomy":"product_tag","embeddable":true,"href":"https:\/\/ramrolf.lv\/ru\/wp-json\/wp\/v2\/product_tag?post=40771"}],"curies":[{"name":"wp","href":"https:\/\/api.w.org\/{rel}","templated":true}]}}