{"id":40777,"date":"2018-11-22T17:22:54","date_gmt":"2018-11-22T14:22:54","guid":{"rendered":"http:\/\/www.ramrolf.eu\/product\/lvkrasu-rullis-motex-26x16-open-zhe-26x16-25mm\/"},"modified":"2019-01-18T15:57:36","modified_gmt":"2019-01-18T12:57:36","slug":"lvkrasu-rullis-motex-26x16-open-zhe-26x16-25mm","status":"publish","type":"product","link":"https:\/\/ramrolf.lv\/ru\/product\/lvkrasu-rullis-motex-26x16-open-zhe-26x16-25mm\/","title":{"rendered":"Kr\u0101su rullis Motex MX2612, 26\u00d716, 25mm"},"content":{"rendered":"","protected":false},"excerpt":{"rendered":"<h3>Tintes rullis mar\u0137\u0113\u0161anas pistolei MOTEX MX-2612. Lielie tintes rull\u012b\u0161i ar izm\u0113ru 25mm. Melna tinte.<\/h3>\n","protected":false},"featured_media":40778,"template":"","meta":[],"product_cat":[459],"product_tag":[],"_links":{"self":[{"href":"https:\/\/ramrolf.lv\/ru\/wp-json\/wp\/v2\/product\/40777"}],"collection":[{"href":"https:\/\/ramrolf.lv\/ru\/wp-json\/wp\/v2\/product"}],"about":[{"href":"https:\/\/ramrolf.lv\/ru\/wp-json\/wp\/v2\/types\/product"}],"wp:featuredmedia":[{"embeddable":true,"href":"https:\/\/ramrolf.lv\/ru\/wp-json\/wp\/v2\/media\/40778"}],"wp:attachment":[{"href":"https:\/\/ramrolf.lv\/ru\/wp-json\/wp\/v2\/media?parent=40777"}],"wp:term":[{"taxonomy":"product_cat","embeddable":true,"href":"https:\/\/ramrolf.lv\/ru\/wp-json\/wp\/v2\/product_cat?post=40777"},{"taxonomy":"product_tag","embeddable":true,"href":"https:\/\/ramrolf.lv\/ru\/wp-json\/wp\/v2\/product_tag?post=40777"}],"curies":[{"name":"wp","href":"https:\/\/api.w.org\/{rel}","templated":true}]}}