{"id":40791,"date":"2018-11-22T17:22:57","date_gmt":"2018-11-22T14:22:57","guid":{"rendered":"http:\/\/www.ramrolf.eu\/product\/lvkrasu-rullis-jolly-2616\/"},"modified":"2018-11-22T17:22:57","modified_gmt":"2018-11-22T14:22:57","slug":"lvkrasu-rullis-jolly-2616","status":"publish","type":"product","link":"https:\/\/ramrolf.lv\/ru\/product\/lvkrasu-rullis-jolly-2616\/","title":{"rendered":"Kr\u0101su rullis JOLLY 2616"},"content":{"rendered":"","protected":false},"excerpt":{"rendered":"<p>Ru\u013c\u013ci mar\u0137\u0113\u0161anas pistol\u0113m, rezerves da\u013cas<\/p>\n","protected":false},"featured_media":40792,"template":"","meta":[],"product_cat":[459],"product_tag":[],"_links":{"self":[{"href":"https:\/\/ramrolf.lv\/ru\/wp-json\/wp\/v2\/product\/40791"}],"collection":[{"href":"https:\/\/ramrolf.lv\/ru\/wp-json\/wp\/v2\/product"}],"about":[{"href":"https:\/\/ramrolf.lv\/ru\/wp-json\/wp\/v2\/types\/product"}],"wp:featuredmedia":[{"embeddable":true,"href":"https:\/\/ramrolf.lv\/ru\/wp-json\/wp\/v2\/media\/40792"}],"wp:attachment":[{"href":"https:\/\/ramrolf.lv\/ru\/wp-json\/wp\/v2\/media?parent=40791"}],"wp:term":[{"taxonomy":"product_cat","embeddable":true,"href":"https:\/\/ramrolf.lv\/ru\/wp-json\/wp\/v2\/product_cat?post=40791"},{"taxonomy":"product_tag","embeddable":true,"href":"https:\/\/ramrolf.lv\/ru\/wp-json\/wp\/v2\/product_tag?post=40791"}],"curies":[{"name":"wp","href":"https:\/\/api.w.org\/{rel}","templated":true}]}}