{"id":40859,"date":"2018-11-22T17:23:15","date_gmt":"2018-11-22T14:23:15","guid":{"rendered":"http:\/\/www.ramrolf.eu\/product\/lvmarkesanas-lente-26x12mm-zala-1000uzl-rul\/"},"modified":"2019-01-18T14:29:05","modified_gmt":"2019-01-18T11:29:05","slug":"lvmarkesanas-lente-26x12mm-zala-1000uzl-rul","status":"publish","type":"product","link":"https:\/\/ramrolf.lv\/ru\/product\/lvmarkesanas-lente-26x12mm-zala-1000uzl-rul\/","title":{"rendered":"Mar\u0137\u0113\u0161anas lente 26x12mm za\u013ca 1000uzl\/rul."},"content":{"rendered":"","protected":false},"excerpt":{"rendered":"<p>Mar\u0137\u0113\u0161anas lente<\/p>\n","protected":false},"featured_media":40860,"template":"","meta":[],"product_cat":[459],"product_tag":[],"_links":{"self":[{"href":"https:\/\/ramrolf.lv\/ru\/wp-json\/wp\/v2\/product\/40859"}],"collection":[{"href":"https:\/\/ramrolf.lv\/ru\/wp-json\/wp\/v2\/product"}],"about":[{"href":"https:\/\/ramrolf.lv\/ru\/wp-json\/wp\/v2\/types\/product"}],"wp:featuredmedia":[{"embeddable":true,"href":"https:\/\/ramrolf.lv\/ru\/wp-json\/wp\/v2\/media\/40860"}],"wp:attachment":[{"href":"https:\/\/ramrolf.lv\/ru\/wp-json\/wp\/v2\/media?parent=40859"}],"wp:term":[{"taxonomy":"product_cat","embeddable":true,"href":"https:\/\/ramrolf.lv\/ru\/wp-json\/wp\/v2\/product_cat?post=40859"},{"taxonomy":"product_tag","embeddable":true,"href":"https:\/\/ramrolf.lv\/ru\/wp-json\/wp\/v2\/product_tag?post=40859"}],"curies":[{"name":"wp","href":"https:\/\/api.w.org\/{rel}","templated":true}]}}