{"id":40863,"date":"2018-11-22T17:23:16","date_gmt":"2018-11-22T14:23:16","guid":{"rendered":"http:\/\/www.ramrolf.eu\/product\/lvmarkesanas-lente-26x16mm-balta-1000uzl-rul\/"},"modified":"2019-01-18T15:01:33","modified_gmt":"2019-01-18T12:01:33","slug":"lvmarkesanas-lente-26x16mm-balta-1000uzl-rul","status":"publish","type":"product","link":"https:\/\/ramrolf.lv\/ru\/product\/lvmarkesanas-lente-26x16mm-balta-1000uzl-rul\/","title":{"rendered":"Mar\u0137\u0113\u0161anas lente 26x16mm balta,  1000uzl.\/rul."},"content":{"rendered":"","protected":false},"excerpt":{"rendered":"<p>Mar\u0137\u0113\u0161anas lente<\/p>\n","protected":false},"featured_media":40864,"template":"","meta":[],"product_cat":[459],"product_tag":[],"_links":{"self":[{"href":"https:\/\/ramrolf.lv\/ru\/wp-json\/wp\/v2\/product\/40863"}],"collection":[{"href":"https:\/\/ramrolf.lv\/ru\/wp-json\/wp\/v2\/product"}],"about":[{"href":"https:\/\/ramrolf.lv\/ru\/wp-json\/wp\/v2\/types\/product"}],"wp:featuredmedia":[{"embeddable":true,"href":"https:\/\/ramrolf.lv\/ru\/wp-json\/wp\/v2\/media\/40864"}],"wp:attachment":[{"href":"https:\/\/ramrolf.lv\/ru\/wp-json\/wp\/v2\/media?parent=40863"}],"wp:term":[{"taxonomy":"product_cat","embeddable":true,"href":"https:\/\/ramrolf.lv\/ru\/wp-json\/wp\/v2\/product_cat?post=40863"},{"taxonomy":"product_tag","embeddable":true,"href":"https:\/\/ramrolf.lv\/ru\/wp-json\/wp\/v2\/product_tag?post=40863"}],"curies":[{"name":"wp","href":"https:\/\/api.w.org\/{rel}","templated":true}]}}