{"id":40879,"date":"2018-11-22T17:23:20","date_gmt":"2018-11-22T14:23:20","guid":{"rendered":"http:\/\/www.ramrolf.eu\/product\/lvmarkesanas-lente-26x16mm-oranza\/"},"modified":"2019-01-18T15:10:40","modified_gmt":"2019-01-18T12:10:40","slug":"lvmarkesanas-lente-26x16mm-oranza","status":"publish","type":"product","link":"https:\/\/ramrolf.lv\/ru\/product\/lvmarkesanas-lente-26x16mm-oranza\/","title":{"rendered":"Mar\u0137\u0113\u0161anas lente 26x16mm &#171;Izlietot l\u012bdz&#187; 1000uzl.\/rul."},"content":{"rendered":"","protected":false},"excerpt":{"rendered":"<h2 class=\"product-name\" style=\"height: 76px;overflow: hidden\" data-mce-style=\"height: 76px; overflow: hidden;\"><a title=\"Mar\u0137\u0113\u0161anas uzl\u012bmes 21.5x12mm, baltas, \"Izlietot l\u012bdz\", 1000uzl.\" href=\"http:\/\/papirs.lv\/katalogs\/markesanas-uzlimes-pistolem-rullos-specialas\/markesanas-uzlimes-215x12mm-baltas-izlietot-lidz-1000uzl\" data-mce-href=\"http:\/\/papirs.lv\/katalogs\/markesanas-uzlimes-pistolem-rullos-specialas\/markesanas-uzlimes-215x12mm-baltas-izlietot-lidz-1000uzl\">Mar\u0137\u0113\u0161anas uzl\u012bmes 21.5x12mm, baltas, &#171;Izlietot l\u012bdz&#187;, 1000uzl.<\/a><br data-mce-bogus=\"1\"><\/h2>\n","protected":false},"featured_media":40880,"template":"","meta":[],"product_cat":[459],"product_tag":[],"_links":{"self":[{"href":"https:\/\/ramrolf.lv\/ru\/wp-json\/wp\/v2\/product\/40879"}],"collection":[{"href":"https:\/\/ramrolf.lv\/ru\/wp-json\/wp\/v2\/product"}],"about":[{"href":"https:\/\/ramrolf.lv\/ru\/wp-json\/wp\/v2\/types\/product"}],"wp:featuredmedia":[{"embeddable":true,"href":"https:\/\/ramrolf.lv\/ru\/wp-json\/wp\/v2\/media\/40880"}],"wp:attachment":[{"href":"https:\/\/ramrolf.lv\/ru\/wp-json\/wp\/v2\/media?parent=40879"}],"wp:term":[{"taxonomy":"product_cat","embeddable":true,"href":"https:\/\/ramrolf.lv\/ru\/wp-json\/wp\/v2\/product_cat?post=40879"},{"taxonomy":"product_tag","embeddable":true,"href":"https:\/\/ramrolf.lv\/ru\/wp-json\/wp\/v2\/product_tag?post=40879"}],"curies":[{"name":"wp","href":"https:\/\/api.w.org\/{rel}","templated":true}]}}