{"id":40971,"date":"2018-11-22T17:27:28","date_gmt":"2018-11-22T14:27:28","guid":{"rendered":"http:\/\/www.ramrolf.eu\/product\/lvklade-a5-70-lapas-rutinu-ar-spirali-forpus\/"},"modified":"2019-01-28T14:14:12","modified_gmt":"2019-01-28T11:14:12","slug":"lvklade-a5-70-lapas-rutinu-ar-spirali-forpus","status":"publish","type":"product","link":"https:\/\/ramrolf.lv\/ru\/product\/lvklade-a5-70-lapas-rutinu-ar-spirali-forpus\/","title":{"rendered":"Klade A5\/70 lapas,  r\u016bti\u0146u ar spir\u0101li,  FORPUS"},"content":{"rendered":"","protected":false},"excerpt":{"rendered":"<p>Klades A5, ar spir\u0101li<\/p>\n","protected":false},"featured_media":40972,"template":"","meta":[],"product_cat":[460],"product_tag":[],"_links":{"self":[{"href":"https:\/\/ramrolf.lv\/ru\/wp-json\/wp\/v2\/product\/40971"}],"collection":[{"href":"https:\/\/ramrolf.lv\/ru\/wp-json\/wp\/v2\/product"}],"about":[{"href":"https:\/\/ramrolf.lv\/ru\/wp-json\/wp\/v2\/types\/product"}],"wp:featuredmedia":[{"embeddable":true,"href":"https:\/\/ramrolf.lv\/ru\/wp-json\/wp\/v2\/media\/40972"}],"wp:attachment":[{"href":"https:\/\/ramrolf.lv\/ru\/wp-json\/wp\/v2\/media?parent=40971"}],"wp:term":[{"taxonomy":"product_cat","embeddable":true,"href":"https:\/\/ramrolf.lv\/ru\/wp-json\/wp\/v2\/product_cat?post=40971"},{"taxonomy":"product_tag","embeddable":true,"href":"https:\/\/ramrolf.lv\/ru\/wp-json\/wp\/v2\/product_tag?post=40971"}],"curies":[{"name":"wp","href":"https:\/\/api.w.org\/{rel}","templated":true}]}}