{"id":40973,"date":"2018-11-22T17:27:28","date_gmt":"2018-11-22T14:27:28","guid":{"rendered":"http:\/\/www.ramrolf.eu\/product\/lvklade-forpus-a4-96-rutinu-kantorgramata-glancets-vaks\/"},"modified":"2019-01-28T12:35:57","modified_gmt":"2019-01-28T09:35:57","slug":"kantorgramata-a4-96lpp-rutinu-glancets-2","status":"publish","type":"product","link":"https:\/\/ramrolf.lv\/ru\/product\/kantorgramata-a4-96lpp-rutinu-glancets-2\/","title":{"rendered":"Kantorgr\u0101mata A4 96lpp r\u016bti\u0146u, glanc\u0113ts"},"content":{"rendered":"","protected":false},"excerpt":{"rendered":"<p>Klades A4, r\u016bti\u0146u<\/p>\n","protected":false},"featured_media":40974,"template":"","meta":[],"product_cat":[460],"product_tag":[],"_links":{"self":[{"href":"https:\/\/ramrolf.lv\/ru\/wp-json\/wp\/v2\/product\/40973"}],"collection":[{"href":"https:\/\/ramrolf.lv\/ru\/wp-json\/wp\/v2\/product"}],"about":[{"href":"https:\/\/ramrolf.lv\/ru\/wp-json\/wp\/v2\/types\/product"}],"wp:featuredmedia":[{"embeddable":true,"href":"https:\/\/ramrolf.lv\/ru\/wp-json\/wp\/v2\/media\/40974"}],"wp:attachment":[{"href":"https:\/\/ramrolf.lv\/ru\/wp-json\/wp\/v2\/media?parent=40973"}],"wp:term":[{"taxonomy":"product_cat","embeddable":true,"href":"https:\/\/ramrolf.lv\/ru\/wp-json\/wp\/v2\/product_cat?post=40973"},{"taxonomy":"product_tag","embeddable":true,"href":"https:\/\/ramrolf.lv\/ru\/wp-json\/wp\/v2\/product_tag?post=40973"}],"curies":[{"name":"wp","href":"https:\/\/api.w.org\/{rel}","templated":true}]}}