{"id":41217,"date":"2018-11-22T17:28:54","date_gmt":"2018-11-22T14:28:54","guid":{"rendered":"http:\/\/www.ramrolf.eu\/product\/lvklade-forpus-a4-96-liniju-kantorgramata\/"},"modified":"2019-01-28T12:34:40","modified_gmt":"2019-01-28T09:34:40","slug":"kantorgramata-a4-96lpp-liniju-glancets-2","status":"publish","type":"product","link":"https:\/\/ramrolf.lv\/ru\/product\/kantorgramata-a4-96lpp-liniju-glancets-2\/","title":{"rendered":"Kantorgr\u0101mata A4 96lpp, l\u012bniju, glanc\u0113ts"},"content":{"rendered":"","protected":false},"excerpt":{"rendered":"<p>Klades A4, l\u012bniju<\/p>\n","protected":false},"featured_media":41218,"template":"","meta":[],"product_cat":[460],"product_tag":[],"_links":{"self":[{"href":"https:\/\/ramrolf.lv\/ru\/wp-json\/wp\/v2\/product\/41217"}],"collection":[{"href":"https:\/\/ramrolf.lv\/ru\/wp-json\/wp\/v2\/product"}],"about":[{"href":"https:\/\/ramrolf.lv\/ru\/wp-json\/wp\/v2\/types\/product"}],"wp:featuredmedia":[{"embeddable":true,"href":"https:\/\/ramrolf.lv\/ru\/wp-json\/wp\/v2\/media\/41218"}],"wp:attachment":[{"href":"https:\/\/ramrolf.lv\/ru\/wp-json\/wp\/v2\/media?parent=41217"}],"wp:term":[{"taxonomy":"product_cat","embeddable":true,"href":"https:\/\/ramrolf.lv\/ru\/wp-json\/wp\/v2\/product_cat?post=41217"},{"taxonomy":"product_tag","embeddable":true,"href":"https:\/\/ramrolf.lv\/ru\/wp-json\/wp\/v2\/product_tag?post=41217"}],"curies":[{"name":"wp","href":"https:\/\/api.w.org\/{rel}","templated":true}]}}