{"id":41381,"date":"2018-11-27T15:43:08","date_gmt":"2018-11-27T12:43:08","guid":{"rendered":"http:\/\/www.ramrolf.eu\/product\/lvpiezimju-papirs-karba-9x9cm-800lap-forpus-balts\/"},"modified":"2019-04-27T16:42:46","modified_gmt":"2019-04-27T13:42:46","slug":"lvpiezimju-papirs-karba-9x9cm-800lap-forpus-balts","status":"publish","type":"product","link":"https:\/\/ramrolf.lv\/ru\/product\/lvpiezimju-papirs-karba-9x9cm-800lap-forpus-balts\/","title":{"rendered":"Piez\u012bmju pap\u012brs k\u0101rb\u0101,  9x9cm,  800lap. Forpus,  balts"},"content":{"rendered":"","protected":false},"excerpt":{"rendered":"<p>Piez\u012bmju pap\u012brs<\/p>\n","protected":false},"featured_media":41382,"template":"","meta":[],"product_cat":[466],"product_tag":[],"_links":{"self":[{"href":"https:\/\/ramrolf.lv\/ru\/wp-json\/wp\/v2\/product\/41381"}],"collection":[{"href":"https:\/\/ramrolf.lv\/ru\/wp-json\/wp\/v2\/product"}],"about":[{"href":"https:\/\/ramrolf.lv\/ru\/wp-json\/wp\/v2\/types\/product"}],"wp:featuredmedia":[{"embeddable":true,"href":"https:\/\/ramrolf.lv\/ru\/wp-json\/wp\/v2\/media\/41382"}],"wp:attachment":[{"href":"https:\/\/ramrolf.lv\/ru\/wp-json\/wp\/v2\/media?parent=41381"}],"wp:term":[{"taxonomy":"product_cat","embeddable":true,"href":"https:\/\/ramrolf.lv\/ru\/wp-json\/wp\/v2\/product_cat?post=41381"},{"taxonomy":"product_tag","embeddable":true,"href":"https:\/\/ramrolf.lv\/ru\/wp-json\/wp\/v2\/product_tag?post=41381"}],"curies":[{"name":"wp","href":"https:\/\/api.w.org\/{rel}","templated":true}]}}