{"id":41397,"date":"2018-11-27T15:43:11","date_gmt":"2018-11-27T12:43:11","guid":{"rendered":"http:\/\/www.ramrolf.eu\/product\/lvpiezimju-papirs-karba-forpus-9x9cm-800lapas-krasains\/"},"modified":"2019-01-28T16:33:38","modified_gmt":"2019-01-28T13:33:38","slug":"lvpiezimju-papirs-karba-forpus-9x9cm-800lapas-krasains","status":"publish","type":"product","link":"https:\/\/ramrolf.lv\/ru\/product\/lvpiezimju-papirs-karba-forpus-9x9cm-800lapas-krasains\/","title":{"rendered":"Piez\u012bmju pap\u012brs k\u0101rb\u0101 FORPUS,  9x9cm\/800lapas,  kr\u0101sains"},"content":{"rendered":"","protected":false},"excerpt":{"rendered":"<p>Piez\u012bmju pap\u012brs<\/p>\n","protected":false},"featured_media":41398,"template":"","meta":[],"product_cat":[466],"product_tag":[],"_links":{"self":[{"href":"https:\/\/ramrolf.lv\/ru\/wp-json\/wp\/v2\/product\/41397"}],"collection":[{"href":"https:\/\/ramrolf.lv\/ru\/wp-json\/wp\/v2\/product"}],"about":[{"href":"https:\/\/ramrolf.lv\/ru\/wp-json\/wp\/v2\/types\/product"}],"wp:featuredmedia":[{"embeddable":true,"href":"https:\/\/ramrolf.lv\/ru\/wp-json\/wp\/v2\/media\/41398"}],"wp:attachment":[{"href":"https:\/\/ramrolf.lv\/ru\/wp-json\/wp\/v2\/media?parent=41397"}],"wp:term":[{"taxonomy":"product_cat","embeddable":true,"href":"https:\/\/ramrolf.lv\/ru\/wp-json\/wp\/v2\/product_cat?post=41397"},{"taxonomy":"product_tag","embeddable":true,"href":"https:\/\/ramrolf.lv\/ru\/wp-json\/wp\/v2\/product_tag?post=41397"}],"curies":[{"name":"wp","href":"https:\/\/api.w.org\/{rel}","templated":true}]}}