{"id":41840,"date":"2018-11-27T18:53:17","date_gmt":"2018-11-27T15:53:17","guid":{"rendered":"http:\/\/www.ramrolf.eu\/product\/lvfakturrekins-a5-2-kart-25-kompl\/"},"modified":"2018-11-27T18:53:17","modified_gmt":"2018-11-27T15:53:17","slug":"lvfakturrekins-a5-2-kart-25-kompl","status":"publish","type":"product","link":"https:\/\/ramrolf.lv\/ru\/product\/lvfakturrekins-a5-2-kart-25-kompl\/","title":{"rendered":"Fakt\u016brr\u0113\u0137ins A5 2-k\u0101rt. 25 kompl."},"content":{"rendered":"","protected":false},"excerpt":{"rendered":"<p>Veidlapas<\/p>\n","protected":false},"featured_media":41841,"template":"","meta":[],"product_cat":[472],"product_tag":[],"_links":{"self":[{"href":"https:\/\/ramrolf.lv\/ru\/wp-json\/wp\/v2\/product\/41840"}],"collection":[{"href":"https:\/\/ramrolf.lv\/ru\/wp-json\/wp\/v2\/product"}],"about":[{"href":"https:\/\/ramrolf.lv\/ru\/wp-json\/wp\/v2\/types\/product"}],"wp:featuredmedia":[{"embeddable":true,"href":"https:\/\/ramrolf.lv\/ru\/wp-json\/wp\/v2\/media\/41841"}],"wp:attachment":[{"href":"https:\/\/ramrolf.lv\/ru\/wp-json\/wp\/v2\/media?parent=41840"}],"wp:term":[{"taxonomy":"product_cat","embeddable":true,"href":"https:\/\/ramrolf.lv\/ru\/wp-json\/wp\/v2\/product_cat?post=41840"},{"taxonomy":"product_tag","embeddable":true,"href":"https:\/\/ramrolf.lv\/ru\/wp-json\/wp\/v2\/product_tag?post=41840"}],"curies":[{"name":"wp","href":"https:\/\/api.w.org\/{rel}","templated":true}]}}