{"id":41848,"date":"2018-11-27T18:53:20","date_gmt":"2018-11-27T15:53:20","guid":{"rendered":"http:\/\/www.ramrolf.eu\/product\/lvfaktura-rekins-paskopejoss-a5v\/"},"modified":"2018-11-27T18:53:20","modified_gmt":"2018-11-27T15:53:20","slug":"lvfaktura-rekins-paskopejoss-a5v","status":"publish","type":"product","link":"https:\/\/ramrolf.lv\/ru\/product\/lvfaktura-rekins-paskopejoss-a5v\/","title":{"rendered":"Fakt\u016bra-r\u0113\u0137ins pa\u0161kop\u0113jo\u0161s,  A5V"},"content":{"rendered":"","protected":false},"excerpt":{"rendered":"<p>Veidlapas<\/p>\n","protected":false},"featured_media":41849,"template":"","meta":[],"product_cat":[472],"product_tag":[],"_links":{"self":[{"href":"https:\/\/ramrolf.lv\/ru\/wp-json\/wp\/v2\/product\/41848"}],"collection":[{"href":"https:\/\/ramrolf.lv\/ru\/wp-json\/wp\/v2\/product"}],"about":[{"href":"https:\/\/ramrolf.lv\/ru\/wp-json\/wp\/v2\/types\/product"}],"wp:featuredmedia":[{"embeddable":true,"href":"https:\/\/ramrolf.lv\/ru\/wp-json\/wp\/v2\/media\/41849"}],"wp:attachment":[{"href":"https:\/\/ramrolf.lv\/ru\/wp-json\/wp\/v2\/media?parent=41848"}],"wp:term":[{"taxonomy":"product_cat","embeddable":true,"href":"https:\/\/ramrolf.lv\/ru\/wp-json\/wp\/v2\/product_cat?post=41848"},{"taxonomy":"product_tag","embeddable":true,"href":"https:\/\/ramrolf.lv\/ru\/wp-json\/wp\/v2\/product_tag?post=41848"}],"curies":[{"name":"wp","href":"https:\/\/api.w.org\/{rel}","templated":true}]}}